{"id":61756,"date":"2025-04-16T18:34:35","date_gmt":"2025-04-16T16:34:35","guid":{"rendered":"https:\/\/www.fruchtxpress.ch\/transport\/"},"modified":"2025-05-21T11:27:08","modified_gmt":"2025-05-21T09:27:08","slug":"transport","status":"publish","type":"page","link":"https:\/\/www.fruchtxpress.ch\/fr\/transport\/","title":{"rendered":"Transport"},"content":{"rendered":"<p>[vc_row row_type=\u00a0\u00bbrow\u00a0\u00bb use_row_as_full_screen_section=\u00a0\u00bbno\u00a0\u00bb type=\u00a0\u00bbgrid\u00a0\u00bb text_align=\u00a0\u00bbleft\u00a0\u00bb padding_top=\u00a0\u00bb0&Prime; padding_bottom=\u00a0\u00bb100&Prime; css_animation=\u00a0\u00bb\u00a0\u00bb box_shadow_on_row=\u00a0\u00bbno\u00a0\u00bb oblique_section=\u00a0\u00bbno\u00a0\u00bb triangle_shape=\u00a0\u00bbno\u00a0\u00bb el_id=\u00a0\u00bbheadline\u00a0\u00bb][vc_column][no_elements_holder number_of_columns=\u00a0\u00bbone_column\u00a0\u00bb switch_to_one_column=\u00a0\u00bb1024&Prime;][no_elements_holder_item item_padding=\u00a0\u00bb100px 0 0 0&Prime; aligment=\u00a0\u00bbleft\u00a0\u00bb vertical_alignment=\u00a0\u00bbmiddle\u00a0\u00bb advanced_animations=\u00a0\u00bbno\u00a0\u00bb item_padding_1024_1300=\u00a0\u00bb100px 11% 0 10%\u00a0\u00bb item_padding_768_1024=\u00a0\u00bb60px 30px 0 30px\u00a0\u00bb item_padding_600_768=\u00a0\u00bb60px 30px 0 30px\u00a0\u00bb item_padding_480_600=\u00a0\u00bb40px 26px 0 26px\u00a0\u00bb item_padding_480=\u00a0\u00bb40px 26px 0 26px\u00a0\u00bb][vc_column_text]<\/p>\n<h1>Nous commen\u00e7ons l\u2019avenir num\u00e9riquement et respectueux du climat.<\/h1>\n<p>[\/vc_column_text][vc_separator type=\u00a0\u00bbtransparent\u00a0\u00bb up=\u00a0\u00bb23&Prime; up_style=\u00a0\u00bbpx\u00a0\u00bb down=\u00a0\u00bb0&Prime; down_style=\u00a0\u00bbpx\u00a0\u00bb][vc_column_text el_class=\u00a0\u00bblead\u00a0\u00bb]Nous croyons en l&rsquo;avenir de l&rsquo;innovation technologique. C&rsquo;est pourquoi nous investissons d\u00e8s aujourd&rsquo;hui dans des solutions prometteuses. Gr\u00e2ce \u00e0 une technologie de r\u00e9frig\u00e9ration de pointe et \u00e0 un syst\u00e8me de contr\u00f4le num\u00e9ris\u00e9, nous garantissons les normes de r\u00e9frig\u00e9ration les plus \u00e9lev\u00e9es pour le transport de vos aliments.[\/vc_column_text][\/no_elements_holder_item][\/no_elements_holder][\/vc_column][\/vc_row][vc_row row_type=\u00a0\u00bbrow\u00a0\u00bb use_row_as_full_screen_section=\u00a0\u00bbno\u00a0\u00bb type=\u00a0\u00bbgrid\u00a0\u00bb text_align=\u00a0\u00bbleft\u00a0\u00bb padding_top=\u00a0\u00bb0&Prime; padding_bottom=\u00a0\u00bb40&Prime; css_animation=\u00a0\u00bb\u00a0\u00bb box_shadow_on_row=\u00a0\u00bbno\u00a0\u00bb oblique_section=\u00a0\u00bbno\u00a0\u00bb triangle_shape=\u00a0\u00bbno\u00a0\u00bb el_id=\u00a0\u00bbtext\u00a0\u00bb][vc_column width=\u00a0\u00bb1\/2&Prime; offset=\u00a0\u00bbvc_col-md-6 vc_col-xs-12&Prime;][vc_column_text css=\u00a0\u00bb.vc_custom_1746779933477{margin-bottom: 20px !important;}\u00a0\u00bb]<\/p>\n<h2>Notre technologie de refroidissement.<\/h2>\n<p>[\/vc_column_text][vc_column_text]Nos v\u00e9hicules frigorifiques disposent de plusieurs zones de temp\u00e9rature qui sont surveill\u00e9es \u00e9lectroniquement et en ligne avec EUROSCAN. Les pannes des machines frigorifiques sont signal\u00e9es par message au dispatching, qui peut r\u00e9agir imm\u00e9diatement et ainsi r\u00e9parer le d\u00e9faut. Les chargements compos\u00e9s de marchandises ayant des exigences de temp\u00e9rature diff\u00e9rentes sont transport\u00e9s dans des v\u00e9hicules frigorifiques \u00e0 trois zones. Les marchandises sont s\u00e9par\u00e9es les unes des autres au moyen de cloisons coulissantes et transport\u00e9es \u00e0 la bonne temp\u00e9rature.[\/vc_column_text][\/vc_column][vc_column width=\u00a0\u00bb1\/2&Prime; offset=\u00a0\u00bbvc_col-md-6 vc_col-xs-12&Prime;][vc_column_text css=\u00a0\u00bb.vc_custom_1746779984330{margin-bottom: 20px !important;}\u00a0\u00bb]<\/p>\n<h2>Notre logiciel.<\/h2>\n<p>[\/vc_column_text][vc_column_text]Notre logiciel d&rsquo;enregistrement de donn\u00e9es ultramoderne rassemble toutes les donn\u00e9es pertinentes et peut ainsi, par exemple, \u00e9tablir un rapport de donn\u00e9es pour chaque tourn\u00e9e avec indication de l&#8217;emplacement, y compris l&rsquo;adresse, la consommation de diesel, les temps d&rsquo;arr\u00eat et de conduite, etc. Il est m\u00eame possible d&rsquo;acc\u00e9der \u00e0 la carte de conducteur afin de surveiller les temps de travail et de repos du conducteur et de veiller \u00e0 ce qu&rsquo;ils soient respect\u00e9s conform\u00e9ment \u00e0 la loi.[\/vc_column_text][\/vc_column][\/vc_row][vc_row row_type=\u00a0\u00bbrow\u00a0\u00bb use_row_as_full_screen_section=\u00a0\u00bbno\u00a0\u00bb type=\u00a0\u00bbgrid\u00a0\u00bb text_align=\u00a0\u00bbleft\u00a0\u00bb padding_top=\u00a0\u00bb40&Prime; padding_bottom=\u00a0\u00bb40&Prime; css_animation=\u00a0\u00bb\u00a0\u00bb box_shadow_on_row=\u00a0\u00bbno\u00a0\u00bb oblique_section=\u00a0\u00bbno\u00a0\u00bb triangle_shape=\u00a0\u00bbno\u00a0\u00bb el_id=\u00a0\u00bbtext 2&Prime;][vc_column width=\u00a0\u00bb1\/2&Prime; offset=\u00a0\u00bbvc_col-md-6 vc_col-xs-12&Prime;][vc_column_text css=\u00a0\u00bb.vc_custom_1746780015269{margin-bottom: 20px !important;}\u00a0\u00bb]<\/p>\n<h2>Nos standards.<\/h2>\n<p>[\/vc_column_text][vc_column_text]Une hygi\u00e8ne et une propret\u00e9 irr\u00e9prochables \u00e0 tous points de vue sont pour nous une condition de base, que ce soit dans les bureaux ou dans les v\u00e9hicules de transport. Nos v\u00e9hicules sont r\u00e9guli\u00e8rement nettoy\u00e9s \u00e0 fond, \u00e0 l&rsquo;int\u00e9rieur comme \u00e0 l&rsquo;ext\u00e9rieur, et leur propret\u00e9 est contr\u00f4l\u00e9e par notre responsable des v\u00e9hicules. L&rsquo;entretien et l&rsquo;\u00e9tat de nos camions sont \u00e9galement essentiels. Les investissements dans le soin et l&rsquo;entretien de l&rsquo;infrastructure et du parc de v\u00e9hicules sont rentables et signifient une v\u00e9ritable durabilit\u00e9 ![\/vc_column_text][\/vc_column][vc_column width=\u00a0\u00bb1\/2&Prime; offset=\u00a0\u00bbvc_col-md-6 vc_col-xs-12&Prime;][vc_column_text css=\u00a0\u00bb.vc_custom_1746780037213{margin-bottom: 20px !important;}\u00a0\u00bb]<\/p>\n<h2>Notre engagement.<\/h2>\n<p>[\/vc_column_text][vc_column_text]En tant que prestataire de services constamment en mouvement, nous sommes particuli\u00e8rement conscients des enjeux li\u00e9s \u00e0 la protection du climat et de l&rsquo;environnement. C&rsquo;est pourquoi nous veillons \u00e0 utiliser le plus efficacement possible les ressources non renouvelables. Nous renouvelons constamment notre parc de v\u00e9hicules et l&rsquo;entretenons m\u00e9ticuleusement. Dans le but de rendre nos processus de travail aussi \u00e9cologiques que possible, nous faisons l&rsquo;acquisition de v\u00e9hicules \u00e0 faibles \u00e9missions. Ainsi, 20 v\u00e9hicules r\u00e9pondant \u00e0 la norme d&rsquo;\u00e9mission Euro 6 sont d\u00e9j\u00e0 en service aujourd&rsquo;hui.[\/vc_column_text][\/vc_column][\/vc_row][vc_row row_type=\u00a0\u00bbrow\u00a0\u00bb use_row_as_full_screen_section=\u00a0\u00bbno\u00a0\u00bb type=\u00a0\u00bbgrid\u00a0\u00bb text_align=\u00a0\u00bbleft\u00a0\u00bb css_animation=\u00a0\u00bbelement_from_left\u00a0\u00bb box_shadow_on_row=\u00a0\u00bbno\u00a0\u00bb oblique_section=\u00a0\u00bbno\u00a0\u00bb triangle_shape=\u00a0\u00bbno\u00a0\u00bb el_class=\u00a0\u00bbdienstleistung_schritte\u00a0\u00bb el_id=\u00a0\u00bbnummern\u00a0\u00bb][vc_column][vc_empty_space height=\u00a0\u00bb80px\u00a0\u00bb image_repeat=\u00a0\u00bbno-repeat\u00a0\u00bb][no_circles columns=\u00a0\u00bbfour_columns\u00a0\u00bb lines_between=\u00a0\u00bbno\u00a0\u00bb process_height=\u00a0\u00bb180&Prime; process_width=\u00a0\u00bb180&Prime;][no_circle type=\u00a0\u00bbtext_type\u00a0\u00bb without_double_border=\u00a0\u00bbyes\u00a0\u00bb text_in_circle_tag=\u00a0\u00bbh3&Prime; title_tag=\u00a0\u00bbh3&Prime; title_alignment=\u00a0\u00bbtitle_center\u00a0\u00bb text_alignment=\u00a0\u00bbtext_center\u00a0\u00bb background_color=\u00a0\u00bb#004b9b\u00a0\u00bb text_in_circle=\u00a0\u00bb1&Prime; font_size=\u00a0\u00bb82&Prime; text_in_circle_color=\u00a0\u00bb#ffffff\u00a0\u00bb title=\u00a0\u00bbR\u00e9frig\u00e9r\u00e9 garanti.\u00a0\u00bb text=\u00a0\u00bbGr\u00e2ce \u00e0 nos v\u00e9hicules frigorifiques calibr\u00e9s et surveill\u00e9s \u00e9lectroniquement ou en ligne, nous pouvons garantir une cha\u00eene du froid ferm\u00e9e pour toute temp\u00e9rature de -30 \u00e0 +30 degr\u00e9s.\u00a0\u00bb border_width=\u00a0\u00bb0&Prime; title_margin_top=\u00a0\u00bb40&Prime; text_margin_top=\u00a0\u00bb20&Prime; title_color=\u00a0\u00bb#000000&Prime;][no_circle type=\u00a0\u00bbtext_type\u00a0\u00bb without_double_border=\u00a0\u00bbyes\u00a0\u00bb text_in_circle_tag=\u00a0\u00bbh3&Prime; title_tag=\u00a0\u00bbh3&Prime; title_alignment=\u00a0\u00bbtitle_center\u00a0\u00bb text_alignment=\u00a0\u00bbtext_center\u00a0\u00bb background_color=\u00a0\u00bb#004b9b\u00a0\u00bb text_in_circle=\u00a0\u00bb2&Prime; font_size=\u00a0\u00bb82&Prime; text_in_circle_color=\u00a0\u00bb#ffffff\u00a0\u00bb title=\u00a0\u00bbSurveillance digitale.\u00a0\u00bb text=\u00a0\u00bbNous utilisons les outils les plus modernes comme le suivi en temps r\u00e9el et le logiciel d&rsquo;enregistrement des donn\u00e9es. Nous pouvons ainsi surveiller les d\u00e9lais de livraison et conna\u00eetre la position du v\u00e9hicule 24 heures sur 24.\u00a0\u00bb border_width=\u00a0\u00bb0&Prime; title_margin_top=\u00a0\u00bb40&Prime; text_margin_top=\u00a0\u00bb20&Prime; title_color=\u00a0\u00bb#000000&Prime;][no_circle type=\u00a0\u00bbtext_type\u00a0\u00bb without_double_border=\u00a0\u00bbyes\u00a0\u00bb text_in_circle_tag=\u00a0\u00bbh3&Prime; title_tag=\u00a0\u00bbh3&Prime; title_alignment=\u00a0\u00bbtitle_center\u00a0\u00bb text_alignment=\u00a0\u00bbtext_center\u00a0\u00bb background_color=\u00a0\u00bb#004b9b\u00a0\u00bb text_in_circle=\u00a0\u00bb3&Prime; font_size=\u00a0\u00bb82&Prime; text_in_circle_color=\u00a0\u00bb#ffffff\u00a0\u00bb title=\u00a0\u00bbChargement flexible.\u00a0\u00bb text=\u00a0\u00bbPour des chargements d&rsquo;une \u00e0 33 palettes, ainsi que de 1 kg \u00e0 24 tonnes, le v\u00e9hicule ad\u00e9quat est \u00e0 votre disposition dans notre parc de v\u00e9hicules &#8211; avec des zones de temp\u00e9rature r\u00e9glables individuellement.\u00a0\u00bb border_width=\u00a0\u00bb0&Prime; title_margin_top=\u00a0\u00bb40&Prime; text_margin_top=\u00a0\u00bb20&Prime;][no_circle type=\u00a0\u00bbtext_type\u00a0\u00bb without_double_border=\u00a0\u00bbyes\u00a0\u00bb text_in_circle_tag=\u00a0\u00bbh3&Prime; title_tag=\u00a0\u00bbh3&Prime; title_alignment=\u00a0\u00bbtitle_center\u00a0\u00bb text_alignment=\u00a0\u00bbtext_center\u00a0\u00bb background_color=\u00a0\u00bb#004b9b\u00a0\u00bb text_in_circle=\u00a0\u00bb4&Prime; font_size=\u00a0\u00bb82&Prime; text_in_circle_color=\u00a0\u00bb#ffffff\u00a0\u00bb title=\u00a0\u00bbToujours en action.\u00a0\u00bb text=\u00a0\u00bbNotre flotte se compose d&rsquo;un m\u00e9lange de v\u00e9hicules tels que des semi-remorques, des trains routiers, des city-liners et des camions solo. Le service Dispo est joignable 24h\/24 par t\u00e9l\u00e9phone au +41 31 755 83 10.\u00a0\u00bb border_width=\u00a0\u00bb0&Prime; title_margin_top=\u00a0\u00bb40&Prime; text_margin_top=\u00a0\u00bb20&Prime;][\/no_circles][\/vc_column][\/vc_row][vc_row row_type=\u00a0\u00bbrow\u00a0\u00bb use_row_as_full_screen_section=\u00a0\u00bbno\u00a0\u00bb type=\u00a0\u00bbgrid\u00a0\u00bb text_align=\u00a0\u00bbleft\u00a0\u00bb padding_top=\u00a0\u00bb0&Prime; padding_bottom=\u00a0\u00bb0&Prime; css_animation=\u00a0\u00bbelement_from_left\u00a0\u00bb box_shadow_on_row=\u00a0\u00bbno\u00a0\u00bb oblique_section=\u00a0\u00bbno\u00a0\u00bb triangle_shape=\u00a0\u00bbno\u00a0\u00bb el_class=\u00a0\u00bbdienstleistung_schritte\u00a0\u00bb][vc_column offset=\u00a0\u00bbvc_hidden-sm vc_hidden-xs\u00a0\u00bb][vc_empty_space height=\u00a0\u00bb80px\u00a0\u00bb image_repeat=\u00a0\u00bbno-repeat\u00a0\u00bb][\/vc_column][\/vc_row][vc_row row_type=\u00a0\u00bbrow\u00a0\u00bb use_row_as_full_screen_section=\u00a0\u00bbno\u00a0\u00bb type=\u00a0\u00bbgrid\u00a0\u00bb text_align=\u00a0\u00bbleft\u00a0\u00bb background_color=\u00a0\u00bb#edf1f5&Prime; padding_top=\u00a0\u00bb100&Prime; padding_bottom=\u00a0\u00bb100&Prime; css_animation=\u00a0\u00bb\u00a0\u00bb box_shadow_on_row=\u00a0\u00bbno\u00a0\u00bb el_id=\u00a0\u00bbfacts\u00a0\u00bb][vc_column width=\u00a0\u00bb1\/2&Prime;][vc_column_text el_class=\u00a0\u00bbDL-text\u00a0\u00bb]<\/p>\n<h4>Plus de 180 employ\u00e9s<\/h4>\n<p>[\/vc_column_text][vc_separator type=\u00a0\u00bbnormal\u00a0\u00bb color=\u00a0\u00bb#004b9b\u00a0\u00bb border_style=\u00a0\u00bbsolid\u00a0\u00bb thickness=\u00a0\u00bb10&Prime; up=\u00a0\u00bb7&Prime; up_style=\u00a0\u00bbpx\u00a0\u00bb down=\u00a0\u00bb7&Prime; down_style=\u00a0\u00bb%\u00a0\u00bb el_class=\u00a0\u00bbDL-line\u00a0\u00bb][vc_column_text el_class=\u00a0\u00bbDL-text\u00a0\u00bb]<\/p>\n<h4>Plus de 100 v\u00e9hicules<\/h4>\n<p>[\/vc_column_text][vc_separator type=\u00a0\u00bbnormal\u00a0\u00bb color=\u00a0\u00bb#004b9b\u00a0\u00bb border_style=\u00a0\u00bbsolid\u00a0\u00bb thickness=\u00a0\u00bb10&Prime; up=\u00a0\u00bb7&Prime; up_style=\u00a0\u00bbpx\u00a0\u00bb down=\u00a0\u00bb7&Prime; down_style=\u00a0\u00bb%\u00a0\u00bb el_class=\u00a0\u00bbDL-line\u00a0\u00bb][vc_column_text el_class=\u00a0\u00bbDL-text\u00a0\u00bb]<\/p>\n<h4>5000 palettes par jour<\/h4>\n<p>[\/vc_column_text][vc_separator type=\u00a0\u00bbnormal\u00a0\u00bb color=\u00a0\u00bb#004b9b\u00a0\u00bb border_style=\u00a0\u00bbsolid\u00a0\u00bb thickness=\u00a0\u00bb10&Prime; up=\u00a0\u00bb7&Prime; up_style=\u00a0\u00bbpx\u00a0\u00bb down=\u00a0\u00bb7&Prime; down_style=\u00a0\u00bb%\u00a0\u00bb el_class=\u00a0\u00bbDL-line\u00a0\u00bb][\/vc_column][vc_column width=\u00a0\u00bb1\/2&Prime;][vc_row_inner row_type=\u00a0\u00bbrow\u00a0\u00bb type=\u00a0\u00bbfull_width\u00a0\u00bb use_row_as_full_screen_section_slide=\u00a0\u00bbno\u00a0\u00bb text_align=\u00a0\u00bbleft\u00a0\u00bb css_animation=\u00a0\u00bb\u00a0\u00bb box_shadow_on_row=\u00a0\u00bbno\u00a0\u00bb][vc_column_inner][vc_column_text el_class=\u00a0\u00bbDL-text\u00a0\u00bb]<\/p>\n<h4>8 millions de kilom\u00e8tres par an \/ 190 x le tour du monde<\/h4>\n<p>[\/vc_column_text][\/vc_column_inner][\/vc_row_inner][vc_separator type=\u00a0\u00bbnormal\u00a0\u00bb color=\u00a0\u00bb#004b9b\u00a0\u00bb border_style=\u00a0\u00bbsolid\u00a0\u00bb thickness=\u00a0\u00bb10&Prime; up=\u00a0\u00bb7&Prime; up_style=\u00a0\u00bbpx\u00a0\u00bb down=\u00a0\u00bb7&Prime; down_style=\u00a0\u00bb%\u00a0\u00bb el_class=\u00a0\u00bbDL-line\u00a0\u00bb][vc_column_text el_class=\u00a0\u00bbDL-text\u00a0\u00bb]<\/p>\n<h4>365 jours d&rsquo;engagement par an<\/h4>\n<p>[\/vc_column_text][vc_separator type=\u00a0\u00bbnormal\u00a0\u00bb color=\u00a0\u00bb#004b9b\u00a0\u00bb border_style=\u00a0\u00bbsolid\u00a0\u00bb thickness=\u00a0\u00bb10&Prime; up=\u00a0\u00bb7&Prime; up_style=\u00a0\u00bbpx\u00a0\u00bb down=\u00a0\u00bb7&Prime; down_style=\u00a0\u00bb%\u00a0\u00bb el_class=\u00a0\u00bbDL-line\u00a0\u00bb][vc_column_text el_class=\u00a0\u00bbDL-text\u00a0\u00bb]<\/p>\n<h4>7 jours d&rsquo;engagement par semaine<\/h4>\n<p>[\/vc_column_text][vc_separator type=\u00a0\u00bbnormal\u00a0\u00bb color=\u00a0\u00bb#004b9b\u00a0\u00bb border_style=\u00a0\u00bbsolid\u00a0\u00bb thickness=\u00a0\u00bb10&Prime; up=\u00a0\u00bb7&Prime; up_style=\u00a0\u00bbpx\u00a0\u00bb down=\u00a0\u00bb7&Prime; down_style=\u00a0\u00bb%\u00a0\u00bb el_class=\u00a0\u00bbDL-line\u00a0\u00bb][\/vc_column][\/vc_row][vc_row row_type=\u00a0\u00bbrow\u00a0\u00bb use_row_as_full_screen_section=\u00a0\u00bbno\u00a0\u00bb type=\u00a0\u00bbfull_width\u00a0\u00bb text_align=\u00a0\u00bbleft\u00a0\u00bb video=\u00a0\u00bbshow_video\u00a0\u00bb video_mp4=\u00a0\u00bbhttps:\/\/www.fruchtxpress.ch\/wp-content\/uploads\/2016\/10\/02Dienstleistung.mp4&Prime; video_image=\u00a0\u00bb61708&Prime; padding_top=\u00a0\u00bb0&Prime; padding_bottom=\u00a0\u00bb0&Prime; css_animation=\u00a0\u00bb\u00a0\u00bb box_shadow_on_row=\u00a0\u00bbno\u00a0\u00bb el_id=\u00a0\u00bbvideo\u00a0\u00bb el_class=\u00a0\u00bbmobile-hide tablet-hide\u00a0\u00bb][vc_column offset=\u00a0\u00bbvc_hidden-md vc_hidden-sm vc_hidden-xs\u00a0\u00bb][vc_empty_space height=\u00a0\u00bb690px\u00a0\u00bb image_repeat=\u00a0\u00bbno-repeat\u00a0\u00bb][\/vc_column][\/vc_row][vc_row row_type=\u00a0\u00bbrow\u00a0\u00bb use_row_as_full_screen_section=\u00a0\u00bbno\u00a0\u00bb type=\u00a0\u00bbfull_width\u00a0\u00bb text_align=\u00a0\u00bbleft\u00a0\u00bb padding_top=\u00a0\u00bb0&Prime; padding_bottom=\u00a0\u00bb0&Prime; css_animation=\u00a0\u00bb\u00a0\u00bb box_shadow_on_row=\u00a0\u00bbno\u00a0\u00bb][vc_column offset=\u00a0\u00bbvc_hidden-lg\u00a0\u00bb][vc_single_image image=\u00a0\u00bb58727&Prime; img_size=\u00a0\u00bbfull\u00a0\u00bb qode_hover_animation=\u00a0\u00bb\u00a0\u00bb qode_css_animation=\u00a0\u00bb\u00a0\u00bb][\/vc_column][\/vc_row][vc_row row_type=\u00a0\u00bbrow\u00a0\u00bb use_row_as_full_screen_section=\u00a0\u00bbno\u00a0\u00bb type=\u00a0\u00bbfull_width\u00a0\u00bb text_align=\u00a0\u00bbleft\u00a0\u00bb css_animation=\u00a0\u00bb\u00a0\u00bb box_shadow_on_row=\u00a0\u00bbno\u00a0\u00bb el_id=\u00a0\u00bbmap\u00a0\u00bb][vc_column]<div class='google_map_holder' style='height:500px'><div class='q_google_map' id='map_canvas_71711' data-addresses='[\"Biberenzelgli 17, 3210 Kerzers\"]' data-custom-map-style='true' data-color-overlay='#393939' data-saturation='-100' data-lightness='-60' data-zoom='12' data-pin='https:\/\/www.fruchtxpress.ch\/wp-content\/uploads\/2025\/04\/fruchtxpress-location-pin.png' data-unique-id='71711' data-google-maps-scroll-wheel='false' data-map-height='500px'><\/div><div class='google_map_ovrlay'><\/div><\/div>[\/vc_column][\/vc_row]<\/p>\n","protected":false},"excerpt":{"rendered":"<p>[vc_row row_type=\u00a0\u00bbrow\u00a0\u00bb use_row_as_full_screen_section=\u00a0\u00bbno\u00a0\u00bb type=\u00a0\u00bbgrid\u00a0\u00bb text_align=\u00a0\u00bbleft\u00a0\u00bb padding_top=\u00a0\u00bb0&Prime; padding_bottom=\u00a0\u00bb100&Prime; css_animation=\u00a0\u00bb\u00a0\u00bb box_shadow_on_row=\u00a0\u00bbno\u00a0\u00bb oblique_section=\u00a0\u00bbno\u00a0\u00bb triangle_shape=\u00a0\u00bbno\u00a0\u00bb el_id=\u00a0\u00bbheadline\u00a0\u00bb][vc_column][no_elements_holder number_of_columns=\u00a0\u00bbone_column\u00a0\u00bb switch_to_one_column=\u00a0\u00bb1024&Prime;][no_elements_holder_item item_padding=\u00a0\u00bb100px 0 0 0&Prime; aligment=\u00a0\u00bbleft\u00a0\u00bb vertical_alignment=\u00a0\u00bbmiddle\u00a0\u00bb advanced_animations=\u00a0\u00bbno\u00a0\u00bb item_padding_1024_1300=\u00a0\u00bb100px 11% 0 10%\u00a0\u00bb item_padding_768_1024=\u00a0\u00bb60px 30px 0 30px\u00a0\u00bb item_padding_600_768=\u00a0\u00bb60px 30px 0 30px\u00a0\u00bb item_padding_480_600=\u00a0\u00bb40px 26px 0 26px\u00a0\u00bb item_padding_480=\u00a0\u00bb40px 26px 0 26px\u00a0\u00bb][vc_column_text] Nous commen\u00e7ons l\u2019avenir num\u00e9riquement et respectueux du climat. [\/vc_column_text][vc_separator type=\u00a0\u00bbtransparent\u00a0\u00bb up=\u00a0\u00bb23&Prime; up_style=\u00a0\u00bbpx\u00a0\u00bb down=\u00a0\u00bb0&Prime; down_style=\u00a0\u00bbpx\u00a0\u00bb][vc_column_text el_class=\u00a0\u00bblead\u00a0\u00bb]Nous croyons en l&rsquo;avenir de l&rsquo;innovation technologique. C&rsquo;est pourquoi nous investissons d\u00e8s aujourd&rsquo;hui dans des solutions prometteuses. Gr\u00e2ce \u00e0 une technologie de r\u00e9frig\u00e9ration de pointe et \u00e0 un syst\u00e8me de contr\u00f4le num\u00e9ris\u00e9, nous garantissons les normes de r\u00e9frig\u00e9ration les plus \u00e9lev\u00e9es pour le transport de vos aliments.[\/vc_column_text][\/no_elements_holder_item][\/no_elements_holder][\/vc_column][\/vc_row][vc_row row_type=\u00a0\u00bbrow\u00a0\u00bb use_row_as_full_screen_section=\u00a0\u00bbno\u00a0\u00bb type=\u00a0\u00bbgrid\u00a0\u00bb text_align=\u00a0\u00bbleft\u00a0\u00bb padding_top=\u00a0\u00bb0&Prime; padding_bottom=\u00a0\u00bb40&Prime; css_animation=\u00a0\u00bb\u00a0\u00bb box_shadow_on_row=\u00a0\u00bbno\u00a0\u00bb oblique_section=\u00a0\u00bbno\u00a0\u00bb triangle_shape=\u00a0\u00bbno\u00a0\u00bb el_id=\u00a0\u00bbtext\u00a0\u00bb][vc_column width=\u00a0\u00bb1\/2&Prime; offset=\u00a0\u00bbvc_col-md-6 vc_col-xs-12&Prime;][vc_column_text css=\u00a0\u00bb.vc_custom_1746779933477{margin-bottom: 20px !important;}\u00a0\u00bb] Notre technologie de refroidissement. [\/vc_column_text][vc_column_text]Nos v\u00e9hicules frigorifiques disposent de plusieurs zones de temp\u00e9rature qui sont surveill\u00e9es \u00e9lectroniquement et en ligne avec EUROSCAN. Les pannes des machines frigorifiques sont signal\u00e9es par message au dispatching, qui peut r\u00e9agir imm\u00e9diatement et ainsi r\u00e9parer le d\u00e9faut. Les chargements compos\u00e9s de marchandises ayant des exigences de temp\u00e9rature diff\u00e9rentes sont transport\u00e9s dans des v\u00e9hicules frigorifiques \u00e0 trois zones. Les marchandises sont s\u00e9par\u00e9es les unes des autres au moyen de cloisons coulissantes et transport\u00e9es \u00e0 la bonne temp\u00e9rature.[\/vc_column_text][\/vc_column][vc_column width=\u00a0\u00bb1\/2&Prime; offset=\u00a0\u00bbvc_col-md-6 vc_col-xs-12&Prime;][vc_column_text css=\u00a0\u00bb.vc_custom_1746779984330{margin-bottom: 20px !important;}\u00a0\u00bb] Notre logiciel. [\/vc_column_text][vc_column_text]Notre logiciel d&rsquo;enregistrement de donn\u00e9es ultramoderne rassemble toutes les donn\u00e9es pertinentes et peut ainsi, par exemple, \u00e9tablir un rapport de donn\u00e9es pour chaque tourn\u00e9e avec indication de l&#8217;emplacement, y compris l&rsquo;adresse, la consommation de diesel, les temps d&rsquo;arr\u00eat et de conduite, etc. Il est m\u00eame possible d&rsquo;acc\u00e9der \u00e0 la carte de conducteur afin de surveiller les temps de travail et de repos du conducteur et de veiller \u00e0 ce qu&rsquo;ils soient respect\u00e9s conform\u00e9ment \u00e0 la loi.[\/vc_column_text][\/vc_column][\/vc_row][vc_row row_type=\u00a0\u00bbrow\u00a0\u00bb use_row_as_full_screen_section=\u00a0\u00bbno\u00a0\u00bb type=\u00a0\u00bbgrid\u00a0\u00bb text_align=\u00a0\u00bbleft\u00a0\u00bb padding_top=\u00a0\u00bb40&Prime; padding_bottom=\u00a0\u00bb40&Prime; css_animation=\u00a0\u00bb\u00a0\u00bb box_shadow_on_row=\u00a0\u00bbno\u00a0\u00bb oblique_section=\u00a0\u00bbno\u00a0\u00bb triangle_shape=\u00a0\u00bbno\u00a0\u00bb el_id=\u00a0\u00bbtext 2&Prime;][vc_column width=\u00a0\u00bb1\/2&Prime; offset=\u00a0\u00bbvc_col-md-6 vc_col-xs-12&Prime;][vc_column_text css=\u00a0\u00bb.vc_custom_1746780015269{margin-bottom: 20px !important;}\u00a0\u00bb] Nos standards. [\/vc_column_text][vc_column_text]Une hygi\u00e8ne et une propret\u00e9 irr\u00e9prochables \u00e0 tous points de vue sont pour nous une condition de base, que ce soit dans les bureaux ou dans les v\u00e9hicules de transport. Nos v\u00e9hicules sont r\u00e9guli\u00e8rement nettoy\u00e9s \u00e0 fond, \u00e0 l&rsquo;int\u00e9rieur comme \u00e0 l&rsquo;ext\u00e9rieur, et leur propret\u00e9 est contr\u00f4l\u00e9e par notre responsable des v\u00e9hicules. L&rsquo;entretien et l&rsquo;\u00e9tat de nos camions sont \u00e9galement essentiels. Les investissements dans le soin et l&rsquo;entretien de l&rsquo;infrastructure et du parc de v\u00e9hicules sont rentables et signifient une v\u00e9ritable durabilit\u00e9 ![\/vc_column_text][\/vc_column][vc_column width=\u00a0\u00bb1\/2&Prime; offset=\u00a0\u00bbvc_col-md-6 vc_col-xs-12&Prime;][vc_column_text css=\u00a0\u00bb.vc_custom_1746780037213{margin-bottom: 20px !important;}\u00a0\u00bb] Notre engagement. [\/vc_column_text][vc_column_text]En tant que prestataire de services constamment en mouvement, nous sommes particuli\u00e8rement conscients des enjeux li\u00e9s \u00e0 la protection du climat et de l&rsquo;environnement. C&rsquo;est pourquoi nous veillons \u00e0 utiliser le plus efficacement possible les ressources non renouvelables. Nous renouvelons constamment notre parc de v\u00e9hicules et l&rsquo;entretenons m\u00e9ticuleusement. Dans le but de rendre nos processus&#8230;<\/p>\n","protected":false},"author":7,"featured_media":0,"parent":0,"menu_order":3,"comment_status":"closed","ping_status":"closed","template":"full_width.php","meta":{"_acf_changed":false,"om_disable_all_campaigns":false,"footnotes":""},"class_list":["post-61756","page","type-page","status-publish","hentry"],"acf":[],"_links":{"self":[{"href":"https:\/\/www.fruchtxpress.ch\/fr\/wp-json\/wp\/v2\/pages\/61756","targetHints":{"allow":["GET"]}}],"collection":[{"href":"https:\/\/www.fruchtxpress.ch\/fr\/wp-json\/wp\/v2\/pages"}],"about":[{"href":"https:\/\/www.fruchtxpress.ch\/fr\/wp-json\/wp\/v2\/types\/page"}],"author":[{"embeddable":true,"href":"https:\/\/www.fruchtxpress.ch\/fr\/wp-json\/wp\/v2\/users\/7"}],"replies":[{"embeddable":true,"href":"https:\/\/www.fruchtxpress.ch\/fr\/wp-json\/wp\/v2\/comments?post=61756"}],"version-history":[{"count":12,"href":"https:\/\/www.fruchtxpress.ch\/fr\/wp-json\/wp\/v2\/pages\/61756\/revisions"}],"predecessor-version":[{"id":61932,"href":"https:\/\/www.fruchtxpress.ch\/fr\/wp-json\/wp\/v2\/pages\/61756\/revisions\/61932"}],"wp:attachment":[{"href":"https:\/\/www.fruchtxpress.ch\/fr\/wp-json\/wp\/v2\/media?parent=61756"}],"curies":[{"name":"wp","href":"https:\/\/api.w.org\/{rel}","templated":true}]}}