{"id":61763,"date":"2025-04-22T10:52:16","date_gmt":"2025-04-22T08:52:16","guid":{"rendered":"https:\/\/www.fruchtxpress.ch\/referenzen\/"},"modified":"2025-06-20T11:20:33","modified_gmt":"2025-06-20T09:20:33","slug":"references","status":"publish","type":"page","link":"https:\/\/www.fruchtxpress.ch\/fr\/references\/","title":{"rendered":"R\u00e9f\u00e9rences"},"content":{"rendered":"<p>[vc_row row_type=\u00a0\u00bbrow\u00a0\u00bb use_row_as_full_screen_section=\u00a0\u00bbno\u00a0\u00bb type=\u00a0\u00bbgrid\u00a0\u00bb text_align=\u00a0\u00bbleft\u00a0\u00bb padding_top=\u00a0\u00bb0&Prime; padding_bottom=\u00a0\u00bb100&Prime; css_animation=\u00a0\u00bb\u00a0\u00bb box_shadow_on_row=\u00a0\u00bbno\u00a0\u00bb el_id=\u00a0\u00bbheadline\u00a0\u00bb][vc_column][no_elements_holder number_of_columns=\u00a0\u00bbone_column\u00a0\u00bb][no_elements_holder_item item_padding=\u00a0\u00bb100px 0 0 0&Prime; aligment=\u00a0\u00bbleft\u00a0\u00bb vertical_alignment=\u00a0\u00bbmiddle\u00a0\u00bb advanced_animations=\u00a0\u00bbno\u00a0\u00bb item_padding_1024_1300=\u00a0\u00bb100px 11% 0 10%\u00a0\u00bb item_padding_768_1024=\u00a0\u00bb60px 30px 0 30px\u00a0\u00bb item_padding_600_768=\u00a0\u00bb60px 30px 0 30px\u00a0\u00bb item_padding_480_600=\u00a0\u00bb40px 26px 0 26px\u00a0\u00bb item_padding_480=\u00a0\u00bb40px 26px 0 26px\u00a0\u00bb][vc_column_text]<\/p>\n<h1>Les bonnes relations sont notre moteur.<\/h1>\n<p>[\/vc_column_text][vc_separator type=\u00a0\u00bbtransparent\u00a0\u00bb thickness=\u00a0\u00bb23px\u00a0\u00bb up_style=\u00a0\u00bbpx\u00a0\u00bb down_style=\u00a0\u00bbpx\u00a0\u00bb][vc_column_text el_class=\u00a0\u00bblead\u00a0\u00bb]Des v\u00e9hicules ultramodernes, une technique de r\u00e9frig\u00e9ration sophistiqu\u00e9e, le respect de la nature &#8211; ce sont toutes des choses que notre client\u00e8le appr\u00e9cie chez nous. Mais ce qui est encore plus important pour elle, c&rsquo;est la confiance qu&rsquo;elle peut avoir en nos collaborateurs \u00e0 tout moment. De jour comme de nuit.[\/vc_column_text][\/no_elements_holder_item][\/no_elements_holder][\/vc_column][\/vc_row][vc_row row_type=\u00a0\u00bbrow\u00a0\u00bb use_row_as_full_screen_section=\u00a0\u00bbno\u00a0\u00bb type=\u00a0\u00bbfull_width\u00a0\u00bb text_align=\u00a0\u00bbleft\u00a0\u00bb css_animation=\u00a0\u00bb\u00a0\u00bb box_shadow_on_row=\u00a0\u00bbno\u00a0\u00bb oblique_section=\u00a0\u00bbno\u00a0\u00bb triangle_shape=\u00a0\u00bbno\u00a0\u00bb el_id=\u00a0\u00bblogos\u00a0\u00bb][vc_column][no_clients client_borders=\u00a0\u00bbyes\u00a0\u00bb space_between_clients=\u00a0\u00bbno\u00a0\u00bb columns=\u00a0\u00bbfive_columns\u00a0\u00bb][no_client link_target=\u00a0\u00bb_blank\u00a0\u00bb image=\u00a0\u00bb59431&Prime; link=\u00a0\u00bbhttps:\/\/www.aldi-suisse.ch\/de\/\u00a0\u00bb][no_client link_target=\u00a0\u00bb_blank\u00a0\u00bb image=\u00a0\u00bb59433&Prime; link=\u00a0\u00bbhttps:\/\/www.denner.ch\/de\/\u00a0\u00bb][no_client link_target=\u00a0\u00bb_blank\u00a0\u00bb image=\u00a0\u00bb61869&Prime; link=\u00a0\u00bbhttps:\/\/www.coop.ch\/de\/\u00a0\u00bb][no_client link_target=\u00a0\u00bb_blank\u00a0\u00bb image=\u00a0\u00bb59437&Prime; link=\u00a0\u00bbhttps:\/\/www.spavetti.ch\/\u00a0\u00bb][no_client link_target=\u00a0\u00bb_blank\u00a0\u00bb image=\u00a0\u00bb59439&Prime; link=\u00a0\u00bbhttp:\/\/www.terraviva.bio\/\u00a0\u00bb][no_client link_target=\u00a0\u00bb_blank\u00a0\u00bb image=\u00a0\u00bb59896&Prime; link=\u00a0\u00bbhttps:\/\/ch.emmi.com\u00a0\u00bb][no_client link_target=\u00a0\u00bb_blank\u00a0\u00bb image=\u00a0\u00bb59898&Prime; link=\u00a0\u00bbhttp:\/\/www.frugem.ch\u00a0\u00bb][no_client link_target=\u00a0\u00bb_blank\u00a0\u00bb image=\u00a0\u00bb61727&Prime; link=\u00a0\u00bbhttps:\/\/www.lidl.ch\/\u00a0\u00bb][no_client link_target=\u00a0\u00bb_blank\u00a0\u00bb image=\u00a0\u00bb59902&Prime; link=\u00a0\u00bbhttps:\/\/www.migros.ch\u00a0\u00bb][no_client link_target=\u00a0\u00bb_blank\u00a0\u00bb image=\u00a0\u00bb59904&Prime; link=\u00a0\u00bbhttps:\/\/www.spar.ch\u00a0\u00bb][\/no_clients][\/vc_column][\/vc_row][vc_row row_type=\u00a0\u00bbrow\u00a0\u00bb use_row_as_full_screen_section=\u00a0\u00bbno\u00a0\u00bb type=\u00a0\u00bbfull_width\u00a0\u00bb text_align=\u00a0\u00bbleft\u00a0\u00bb css_animation=\u00a0\u00bb\u00a0\u00bb box_shadow_on_row=\u00a0\u00bbno\u00a0\u00bb el_id=\u00a0\u00bbprozesse\u00a0\u00bb][vc_column][no_elements_holder number_of_columns=\u00a0\u00bbtwo_columns\u00a0\u00bb switch_to_one_column=\u00a0\u00bb1024&Prime;][no_elements_holder_item aligment=\u00a0\u00bbleft\u00a0\u00bb vertical_alignment=\u00a0\u00bbmiddle\u00a0\u00bb advanced_animations=\u00a0\u00bbno\u00a0\u00bb][vc_single_image image=\u00a0\u00bb61718&Prime; img_size=\u00a0\u00bbfull\u00a0\u00bb qode_hover_animation=\u00a0\u00bb\u00a0\u00bb qode_css_animation=\u00a0\u00bb\u00a0\u00bb][\/no_elements_holder_item][no_elements_holder_item item_padding=\u00a0\u00bb0 22% 0 17%\u00a0\u00bb aligment=\u00a0\u00bbleft\u00a0\u00bb vertical_alignment=\u00a0\u00bbmiddle\u00a0\u00bb advanced_animations=\u00a0\u00bbno\u00a0\u00bb item_padding_1300_1600=\u00a0\u00bb0 11% 0 10%\u00a0\u00bb item_padding_1024_1300=\u00a0\u00bb0 40px 0 40px\u00a0\u00bb item_padding_768_1024=\u00a0\u00bb30px 30px 60px 30px\u00a0\u00bb item_padding_600_768=\u00a0\u00bb30px 30px 60px 30px\u00a0\u00bb item_padding_480_600=\u00a0\u00bb24px 24px 48px 24px\u00a0\u00bb item_padding_480=\u00a0\u00bb24px 24px 48px 24px\u00a0\u00bb][vc_column_text]<\/p>\n<h2>Nous misons sur des processus modernes.<\/h2>\n<p>[\/vc_column_text][vc_separator type=\u00a0\u00bbtransparent\u00a0\u00bb thickness=\u00a0\u00bb23&Prime; up=\u00a0\u00bb0&Prime; up_style=\u00a0\u00bbpx\u00a0\u00bb down=\u00a0\u00bb0&Prime; down_style=\u00a0\u00bbpx\u00a0\u00bb][vc_column_text]Nous sommes fiers de la flexibilit\u00e9 sup\u00e9rieure \u00e0 la moyenne de nos collaborateurs, qui r\u00e9pondent \u00e0 tout moment aux souhaits exigeants des clients. Chez nous, tout le monde sait de quoi il s&rsquo;agit : aussi bien le directeur, les collaborateurs administratifs que notre m\u00e9canicien poids lourds se chargent r\u00e9guli\u00e8rement de transports. Ainsi, un contact direct avec le client est garanti pour tous et nous sommes toujours au c\u0153ur de l&rsquo;action.[\/vc_column_text][\/no_elements_holder_item][\/no_elements_holder][\/vc_column][\/vc_row][vc_row row_type=\u00a0\u00bbrow\u00a0\u00bb use_row_as_full_screen_section=\u00a0\u00bbno\u00a0\u00bb type=\u00a0\u00bbfull_width\u00a0\u00bb text_align=\u00a0\u00bbleft\u00a0\u00bb css_animation=\u00a0\u00bb\u00a0\u00bb box_shadow_on_row=\u00a0\u00bbno\u00a0\u00bb el_id=\u00a0\u00bbbeziehungen Mobile\u00a0\u00bb][vc_column offset=\u00a0\u00bbvc_hidden-lg vc_hidden-md\u00a0\u00bb][no_elements_holder number_of_columns=\u00a0\u00bbtwo_columns\u00a0\u00bb switch_to_one_column=\u00a0\u00bb1024&Prime;][no_elements_holder_item aligment=\u00a0\u00bbleft\u00a0\u00bb vertical_alignment=\u00a0\u00bbmiddle\u00a0\u00bb advanced_animations=\u00a0\u00bbno\u00a0\u00bb][vc_single_image image=\u00a0\u00bb61251&Prime; img_size=\u00a0\u00bbfull\u00a0\u00bb qode_hover_animation=\u00a0\u00bb\u00a0\u00bb qode_css_animation=\u00a0\u00bb\u00a0\u00bb][\/no_elements_holder_item][no_elements_holder_item item_padding=\u00a0\u00bb0 22% 0 17%\u00a0\u00bb aligment=\u00a0\u00bbleft\u00a0\u00bb vertical_alignment=\u00a0\u00bbmiddle\u00a0\u00bb advanced_animations=\u00a0\u00bbno\u00a0\u00bb item_padding_1300_1600=\u00a0\u00bb0 11% 0 10%\u00a0\u00bb item_padding_1024_1300=\u00a0\u00bb0 40px 0 40px\u00a0\u00bb item_padding_768_1024=\u00a0\u00bb30px 30px 60px 30px\u00a0\u00bb item_padding_600_768=\u00a0\u00bb30px 30px 60px 30px\u00a0\u00bb item_padding_480_600=\u00a0\u00bb26px 26px 48px 26px\u00a0\u00bb item_padding_480=\u00a0\u00bb26px 26px 48px 26px\u00a0\u00bb][vc_column_text]<\/p>\n<h2>Nous croyons aux bonnes relations.<\/h2>\n<p>[\/vc_column_text][vc_separator type=\u00a0\u00bbtransparent\u00a0\u00bb thickness=\u00a0\u00bb23&Prime; up=\u00a0\u00bb0&Prime; up_style=\u00a0\u00bbpx\u00a0\u00bb down=\u00a0\u00bb0&Prime; down_style=\u00a0\u00bbpx\u00a0\u00bb][vc_column_text]Nous sommes conscients des exigences \u00e9lev\u00e9es de la logistique alimentaire et garantissons un traitement de qualit\u00e9 de toutes les marchandises. Les exigences et les d\u00e9lais sp\u00e9cifiques des clients sont toujours pris en compte. Pour r\u00e9pondre \u00e0 vos besoins, exigences et souhaits, nous mettons volontiers nos connaissances et notre exp\u00e9rience \u00e0 votre disposition. Aucun effort n&rsquo;est trop p\u00e9nible ou trop audacieux pour nous ! Dynamisme et flexibilit\u00e9 ne sont pas seulement des mots \u00e0 la mode pour nous &#8211; nous les vivons au quotidien et aimons les d\u00e9fis qu&rsquo;ils impliquent.[\/vc_column_text][\/no_elements_holder_item][\/no_elements_holder][\/vc_column][\/vc_row][vc_row row_type=\u00a0\u00bbrow\u00a0\u00bb use_row_as_full_screen_section=\u00a0\u00bbno\u00a0\u00bb type=\u00a0\u00bbfull_width\u00a0\u00bb text_align=\u00a0\u00bbleft\u00a0\u00bb css_animation=\u00a0\u00bb\u00a0\u00bb box_shadow_on_row=\u00a0\u00bbno\u00a0\u00bb el_id=\u00a0\u00bbbeziehungen Desktop\u00a0\u00bb][vc_column offset=\u00a0\u00bbvc_hidden-sm vc_hidden-xs\u00a0\u00bb][no_elements_holder number_of_columns=\u00a0\u00bbtwo_columns\u00a0\u00bb switch_to_one_column=\u00a0\u00bb1024&Prime;][no_elements_holder_item item_padding=\u00a0\u00bb0 22% 0 17%\u00a0\u00bb aligment=\u00a0\u00bbleft\u00a0\u00bb vertical_alignment=\u00a0\u00bbmiddle\u00a0\u00bb advanced_animations=\u00a0\u00bbno\u00a0\u00bb item_padding_1300_1600=\u00a0\u00bb0 11% 0 10%\u00a0\u00bb item_padding_1024_1300=\u00a0\u00bb0 40px 0 40px\u00a0\u00bb item_padding_768_1024=\u00a0\u00bb60px 30px 30px 30px\u00a0\u00bb item_padding_600_768=\u00a0\u00bb60px 30px 30px 30px\u00a0\u00bb item_padding_480_600=\u00a0\u00bb48px 26px 26px 26px\u00a0\u00bb item_padding_480=\u00a0\u00bb48px 26px 26px 26px\u00a0\u00bb][vc_column_text]<\/p>\n<h2>Nous croyons aux bonnes relations.<\/h2>\n<p>[\/vc_column_text][vc_separator type=\u00a0\u00bbtransparent\u00a0\u00bb thickness=\u00a0\u00bb23&Prime; up=\u00a0\u00bb0&Prime; up_style=\u00a0\u00bbpx\u00a0\u00bb down=\u00a0\u00bb0&Prime; down_style=\u00a0\u00bbpx\u00a0\u00bb][vc_column_text]Nous sommes conscients des exigences \u00e9lev\u00e9es de la logistique alimentaire et garantissons un traitement de qualit\u00e9 de toutes les marchandises. Les exigences et les d\u00e9lais sp\u00e9cifiques des clients sont toujours pris en compte. Pour r\u00e9pondre \u00e0 vos besoins, exigences et souhaits, nous mettons volontiers nos connaissances et notre exp\u00e9rience \u00e0 votre disposition. Aucun effort n&rsquo;est trop p\u00e9nible ou trop audacieux pour nous ! Dynamisme et flexibilit\u00e9 ne sont pas seulement des mots \u00e0 la mode pour nous &#8211; nous les vivons au quotidien et aimons les d\u00e9fis qu&rsquo;ils impliquent.[\/vc_column_text][\/no_elements_holder_item][no_elements_holder_item aligment=\u00a0\u00bbleft\u00a0\u00bb vertical_alignment=\u00a0\u00bbmiddle\u00a0\u00bb advanced_animations=\u00a0\u00bbno\u00a0\u00bb][vc_single_image image=\u00a0\u00bb61251&Prime; img_size=\u00a0\u00bbfull\u00a0\u00bb qode_hover_animation=\u00a0\u00bb\u00a0\u00bb qode_css_animation=\u00a0\u00bb\u00a0\u00bb][\/no_elements_holder_item][\/no_elements_holder][\/vc_column][\/vc_row][vc_row row_type=\u00a0\u00bbrow\u00a0\u00bb use_row_as_full_screen_section=\u00a0\u00bbno\u00a0\u00bb type=\u00a0\u00bbfull_width\u00a0\u00bb text_align=\u00a0\u00bbleft\u00a0\u00bb background_image=\u00a0\u00bb58166&Prime; css_animation=\u00a0\u00bb\u00a0\u00bb box_shadow_on_row=\u00a0\u00bbno\u00a0\u00bb el_class=\u00a0\u00bbvorstellung\u00a0\u00bb][vc_column width=\u00a0\u00bb1\/2&Prime; offset=\u00a0\u00bbvc_hidden-sm vc_hidden-xs\u00a0\u00bb][vc_empty_space height=\u00a0\u00bb843&Prime; image_repeat=\u00a0\u00bbno-repeat\u00a0\u00bb][\/vc_column][vc_column width=\u00a0\u00bb1\/2&Prime; css=\u00a0\u00bb.vc_custom_1745410834096{padding-top: 5% !important;padding-right: 10% !important;padding-left: 10% !important;}\u00a0\u00bb offset=\u00a0\u00bbvc_hidden-sm vc_hidden-xs\u00a0\u00bb][vc_empty_space height=\u00a0\u00bb250&Prime; image_repeat=\u00a0\u00bbno-repeat\u00a0\u00bb][no_elements_holder number_of_columns=\u00a0\u00bbtwo_columns\u00a0\u00bb][no_elements_holder_item item_padding=\u00a0\u00bb20% 0% 0% 0%\u00a0\u00bb aligment=\u00a0\u00bbleft\u00a0\u00bb advanced_animations=\u00a0\u00bbno\u00a0\u00bb][vc_column_text]<\/p>\n<h2>A votre service jour et nuit.<\/h2>\n<p>[\/vc_column_text][vc_separator type=\u00a0\u00bbtransparent\u00a0\u00bb thickness=\u00a0\u00bb23&Prime; up_style=\u00a0\u00bbpx\u00a0\u00bb down_style=\u00a0\u00bbpx\u00a0\u00bb][vc_column_text]\u00ab Nous transportons vos produits r\u00e9frig\u00e9r\u00e9s \u00e0 travers la Suisse, 24 heures sur 24 et toujours parfaitement r\u00e9frig\u00e9r\u00e9s. Nos v\u00e9hicules sont \u00e9quip\u00e9s de la technologie de r\u00e9frig\u00e9ration la plus moderne et reli\u00e9e num\u00e9riquement. Nous en sommes fiers \u00bb.[\/vc_column_text]<a href=\"https:\/\/www.fruchtxpress.ch\/fr\/kontakt#form\" target=\"_self\"  class=\"qbutton  medium icon_right\" style=\"margin: 25px 0px 0px 0px; \">PRENDRE CONTACT<\/a>[\/no_elements_holder_item][\/no_elements_holder][\/vc_column][\/vc_row][vc_row row_type=\u00a0\u00bbrow\u00a0\u00bb use_row_as_full_screen_section=\u00a0\u00bbno\u00a0\u00bb type=\u00a0\u00bbfull_width\u00a0\u00bb text_align=\u00a0\u00bbleft\u00a0\u00bb css_animation=\u00a0\u00bb\u00a0\u00bb box_shadow_on_row=\u00a0\u00bbno\u00a0\u00bb el_class=\u00a0\u00bbvorstellung-mobile\u00a0\u00bb][vc_column offset=\u00a0\u00bbvc_hidden-lg vc_hidden-md\u00a0\u00bb][vc_single_image image=\u00a0\u00bb61649&Prime; img_size=\u00a0\u00bbfull\u00a0\u00bb qode_hover_animation=\u00a0\u00bb\u00a0\u00bb qode_css_animation=\u00a0\u00bb\u00a0\u00bb][no_elements_holder background_color=\u00a0\u00bb#edf0f5&Prime; number_of_columns=\u00a0\u00bbone_column\u00a0\u00bb][no_elements_holder_item aligment=\u00a0\u00bbleft\u00a0\u00bb advanced_animations=\u00a0\u00bbno\u00a0\u00bb item_padding_768_1024=\u00a0\u00bb0 30px 60px 30px\u00a0\u00bb item_padding_600_768=\u00a0\u00bb0 30px 60px 30px\u00a0\u00bb item_padding_480_600=\u00a0\u00bb0 26px 52px 26px\u00a0\u00bb item_padding_480=\u00a0\u00bb0 26px 52px 26px\u00a0\u00bb][vc_column_text]<\/p>\n<h2>A votre service jour et nuit.<\/h2>\n<p>[\/vc_column_text][vc_separator type=\u00a0\u00bbtransparent\u00a0\u00bb thickness=\u00a0\u00bb15&Prime; up=\u00a0\u00bb0&Prime; up_style=\u00a0\u00bbpx\u00a0\u00bb down=\u00a0\u00bb0&Prime; down_style=\u00a0\u00bbpx\u00a0\u00bb][vc_column_text]\u00ab Nous transportons vos produits r\u00e9frig\u00e9r\u00e9s \u00e0 travers la Suisse, 24 heures sur 24 et toujours parfaitement r\u00e9frig\u00e9r\u00e9s. Nos v\u00e9hicules sont \u00e9quip\u00e9s de la technologie de r\u00e9frig\u00e9ration la plus moderne et reli\u00e9e num\u00e9riquement. Nous en sommes fiers \u00bb.[\/vc_column_text]<a href=\"https:\/\/www.fruchtxpress.ch\/fr\/kontakt#form\" target=\"_self\"  class=\"qbutton  medium icon_right\" style=\"margin: 25px 0px 0px 0px; \">PRENDRE CONTACT<\/a>[\/no_elements_holder_item][\/no_elements_holder][\/vc_column][\/vc_row][vc_row row_type=\u00a0\u00bbrow\u00a0\u00bb use_row_as_full_screen_section=\u00a0\u00bbno\u00a0\u00bb type=\u00a0\u00bbfull_width\u00a0\u00bb text_align=\u00a0\u00bbleft\u00a0\u00bb css_animation=\u00a0\u00bb\u00a0\u00bb box_shadow_on_row=\u00a0\u00bbno\u00a0\u00bb el_id=\u00a0\u00bbmapBox\u00a0\u00bb][vc_column]<div class='google_map_holder' style='height:500px'><div class='q_google_map' id='map_canvas_55066' data-addresses='[\"Biberenzelgli 17, 3210 Kerzers\"]' data-custom-map-style='true' data-color-overlay='#393939' data-saturation='-100' data-lightness='-60' data-zoom='12' data-pin='https:\/\/www.fruchtxpress.ch\/wp-content\/uploads\/2025\/04\/fruchtxpress-location-pin.png' data-unique-id='55066' data-google-maps-scroll-wheel='false' data-map-height='500px'><\/div><div class='google_map_ovrlay'><\/div><\/div>[\/vc_column][\/vc_row]<\/p>\n","protected":false},"excerpt":{"rendered":"<p>[vc_row row_type=\u00a0\u00bbrow\u00a0\u00bb use_row_as_full_screen_section=\u00a0\u00bbno\u00a0\u00bb type=\u00a0\u00bbgrid\u00a0\u00bb text_align=\u00a0\u00bbleft\u00a0\u00bb padding_top=\u00a0\u00bb0&Prime; padding_bottom=\u00a0\u00bb100&Prime; css_animation=\u00a0\u00bb\u00a0\u00bb box_shadow_on_row=\u00a0\u00bbno\u00a0\u00bb el_id=\u00a0\u00bbheadline\u00a0\u00bb][vc_column][no_elements_holder number_of_columns=\u00a0\u00bbone_column\u00a0\u00bb][no_elements_holder_item item_padding=\u00a0\u00bb100px 0 0 0&Prime; aligment=\u00a0\u00bbleft\u00a0\u00bb vertical_alignment=\u00a0\u00bbmiddle\u00a0\u00bb advanced_animations=\u00a0\u00bbno\u00a0\u00bb item_padding_1024_1300=\u00a0\u00bb100px 11% 0 10%\u00a0\u00bb item_padding_768_1024=\u00a0\u00bb60px 30px 0 30px\u00a0\u00bb item_padding_600_768=\u00a0\u00bb60px 30px 0 30px\u00a0\u00bb item_padding_480_600=\u00a0\u00bb40px 26px 0 26px\u00a0\u00bb item_padding_480=\u00a0\u00bb40px 26px 0 26px\u00a0\u00bb][vc_column_text] Les bonnes relations sont notre moteur. [\/vc_column_text][vc_separator type=\u00a0\u00bbtransparent\u00a0\u00bb thickness=\u00a0\u00bb23px\u00a0\u00bb up_style=\u00a0\u00bbpx\u00a0\u00bb down_style=\u00a0\u00bbpx\u00a0\u00bb][vc_column_text el_class=\u00a0\u00bblead\u00a0\u00bb]Des v\u00e9hicules ultramodernes, une technique de r\u00e9frig\u00e9ration sophistiqu\u00e9e, le respect de la nature &#8211; ce sont toutes des choses que notre client\u00e8le appr\u00e9cie chez nous. Mais ce qui est encore plus important pour elle, c&rsquo;est la confiance qu&rsquo;elle peut avoir en nos collaborateurs \u00e0 tout moment. De jour comme de nuit.[\/vc_column_text][\/no_elements_holder_item][\/no_elements_holder][\/vc_column][\/vc_row][vc_row row_type=\u00a0\u00bbrow\u00a0\u00bb use_row_as_full_screen_section=\u00a0\u00bbno\u00a0\u00bb type=\u00a0\u00bbfull_width\u00a0\u00bb text_align=\u00a0\u00bbleft\u00a0\u00bb css_animation=\u00a0\u00bb\u00a0\u00bb box_shadow_on_row=\u00a0\u00bbno\u00a0\u00bb oblique_section=\u00a0\u00bbno\u00a0\u00bb triangle_shape=\u00a0\u00bbno\u00a0\u00bb el_id=\u00a0\u00bblogos\u00a0\u00bb][vc_column][no_clients client_borders=\u00a0\u00bbyes\u00a0\u00bb space_between_clients=\u00a0\u00bbno\u00a0\u00bb columns=\u00a0\u00bbfive_columns\u00a0\u00bb][no_client link_target=\u00a0\u00bb_blank\u00a0\u00bb image=\u00a0\u00bb59431&Prime; link=\u00a0\u00bbhttps:\/\/www.aldi-suisse.ch\/de\/\u00a0\u00bb][no_client link_target=\u00a0\u00bb_blank\u00a0\u00bb image=\u00a0\u00bb59433&Prime; link=\u00a0\u00bbhttps:\/\/www.denner.ch\/de\/\u00a0\u00bb][no_client link_target=\u00a0\u00bb_blank\u00a0\u00bb image=\u00a0\u00bb61869&Prime; link=\u00a0\u00bbhttps:\/\/www.coop.ch\/de\/\u00a0\u00bb][no_client link_target=\u00a0\u00bb_blank\u00a0\u00bb image=\u00a0\u00bb59437&Prime; link=\u00a0\u00bbhttps:\/\/www.spavetti.ch\/\u00a0\u00bb][no_client link_target=\u00a0\u00bb_blank\u00a0\u00bb image=\u00a0\u00bb59439&Prime; link=\u00a0\u00bbhttp:\/\/www.terraviva.bio\/\u00a0\u00bb][no_client link_target=\u00a0\u00bb_blank\u00a0\u00bb image=\u00a0\u00bb59896&Prime; link=\u00a0\u00bbhttps:\/\/ch.emmi.com\u00a0\u00bb][no_client link_target=\u00a0\u00bb_blank\u00a0\u00bb image=\u00a0\u00bb59898&Prime; link=\u00a0\u00bbhttp:\/\/www.frugem.ch\u00a0\u00bb][no_client link_target=\u00a0\u00bb_blank\u00a0\u00bb image=\u00a0\u00bb61727&Prime; link=\u00a0\u00bbhttps:\/\/www.lidl.ch\/\u00a0\u00bb][no_client link_target=\u00a0\u00bb_blank\u00a0\u00bb image=\u00a0\u00bb59902&Prime; link=\u00a0\u00bbhttps:\/\/www.migros.ch\u00a0\u00bb][no_client link_target=\u00a0\u00bb_blank\u00a0\u00bb image=\u00a0\u00bb59904&Prime; link=\u00a0\u00bbhttps:\/\/www.spar.ch\u00a0\u00bb][\/no_clients][\/vc_column][\/vc_row][vc_row row_type=\u00a0\u00bbrow\u00a0\u00bb use_row_as_full_screen_section=\u00a0\u00bbno\u00a0\u00bb type=\u00a0\u00bbfull_width\u00a0\u00bb text_align=\u00a0\u00bbleft\u00a0\u00bb css_animation=\u00a0\u00bb\u00a0\u00bb box_shadow_on_row=\u00a0\u00bbno\u00a0\u00bb el_id=\u00a0\u00bbprozesse\u00a0\u00bb][vc_column][no_elements_holder number_of_columns=\u00a0\u00bbtwo_columns\u00a0\u00bb switch_to_one_column=\u00a0\u00bb1024&Prime;][no_elements_holder_item aligment=\u00a0\u00bbleft\u00a0\u00bb vertical_alignment=\u00a0\u00bbmiddle\u00a0\u00bb advanced_animations=\u00a0\u00bbno\u00a0\u00bb][vc_single_image image=\u00a0\u00bb61718&Prime; img_size=\u00a0\u00bbfull\u00a0\u00bb qode_hover_animation=\u00a0\u00bb\u00a0\u00bb qode_css_animation=\u00a0\u00bb\u00a0\u00bb][\/no_elements_holder_item][no_elements_holder_item item_padding=\u00a0\u00bb0 22% 0 17%\u00a0\u00bb aligment=\u00a0\u00bbleft\u00a0\u00bb vertical_alignment=\u00a0\u00bbmiddle\u00a0\u00bb advanced_animations=\u00a0\u00bbno\u00a0\u00bb item_padding_1300_1600=\u00a0\u00bb0 11% 0 10%\u00a0\u00bb item_padding_1024_1300=\u00a0\u00bb0 40px 0 40px\u00a0\u00bb item_padding_768_1024=\u00a0\u00bb30px 30px 60px 30px\u00a0\u00bb item_padding_600_768=\u00a0\u00bb30px 30px 60px 30px\u00a0\u00bb item_padding_480_600=\u00a0\u00bb24px 24px 48px 24px\u00a0\u00bb item_padding_480=\u00a0\u00bb24px 24px 48px 24px\u00a0\u00bb][vc_column_text] Nous misons sur des processus modernes. [\/vc_column_text][vc_separator type=\u00a0\u00bbtransparent\u00a0\u00bb thickness=\u00a0\u00bb23&Prime; up=\u00a0\u00bb0&Prime; up_style=\u00a0\u00bbpx\u00a0\u00bb down=\u00a0\u00bb0&Prime; down_style=\u00a0\u00bbpx\u00a0\u00bb][vc_column_text]Nous sommes fiers de la flexibilit\u00e9 sup\u00e9rieure \u00e0 la moyenne de nos collaborateurs, qui r\u00e9pondent \u00e0 tout moment aux souhaits exigeants des clients. Chez nous, tout le monde sait de quoi il s&rsquo;agit : aussi bien le directeur, les collaborateurs administratifs que notre m\u00e9canicien poids lourds se chargent r\u00e9guli\u00e8rement de transports. Ainsi, un contact direct avec le client est garanti pour tous et nous sommes toujours au c\u0153ur de l&rsquo;action.[\/vc_column_text][\/no_elements_holder_item][\/no_elements_holder][\/vc_column][\/vc_row][vc_row row_type=\u00a0\u00bbrow\u00a0\u00bb use_row_as_full_screen_section=\u00a0\u00bbno\u00a0\u00bb type=\u00a0\u00bbfull_width\u00a0\u00bb text_align=\u00a0\u00bbleft\u00a0\u00bb css_animation=\u00a0\u00bb\u00a0\u00bb box_shadow_on_row=\u00a0\u00bbno\u00a0\u00bb el_id=\u00a0\u00bbbeziehungen Mobile\u00a0\u00bb][vc_column offset=\u00a0\u00bbvc_hidden-lg vc_hidden-md\u00a0\u00bb][no_elements_holder number_of_columns=\u00a0\u00bbtwo_columns\u00a0\u00bb switch_to_one_column=\u00a0\u00bb1024&Prime;][no_elements_holder_item aligment=\u00a0\u00bbleft\u00a0\u00bb vertical_alignment=\u00a0\u00bbmiddle\u00a0\u00bb advanced_animations=\u00a0\u00bbno\u00a0\u00bb][vc_single_image image=\u00a0\u00bb61251&Prime; img_size=\u00a0\u00bbfull\u00a0\u00bb qode_hover_animation=\u00a0\u00bb\u00a0\u00bb qode_css_animation=\u00a0\u00bb\u00a0\u00bb][\/no_elements_holder_item][no_elements_holder_item item_padding=\u00a0\u00bb0 22% 0 17%\u00a0\u00bb aligment=\u00a0\u00bbleft\u00a0\u00bb vertical_alignment=\u00a0\u00bbmiddle\u00a0\u00bb advanced_animations=\u00a0\u00bbno\u00a0\u00bb item_padding_1300_1600=\u00a0\u00bb0 11% 0 10%\u00a0\u00bb item_padding_1024_1300=\u00a0\u00bb0 40px 0 40px\u00a0\u00bb item_padding_768_1024=\u00a0\u00bb30px 30px 60px 30px\u00a0\u00bb item_padding_600_768=\u00a0\u00bb30px 30px 60px 30px\u00a0\u00bb item_padding_480_600=\u00a0\u00bb26px 26px 48px 26px\u00a0\u00bb item_padding_480=\u00a0\u00bb26px 26px 48px 26px\u00a0\u00bb][vc_column_text] Nous croyons aux bonnes relations. [\/vc_column_text][vc_separator type=\u00a0\u00bbtransparent\u00a0\u00bb thickness=\u00a0\u00bb23&Prime; up=\u00a0\u00bb0&Prime; up_style=\u00a0\u00bbpx\u00a0\u00bb down=\u00a0\u00bb0&Prime; down_style=\u00a0\u00bbpx\u00a0\u00bb][vc_column_text]Nous sommes conscients des exigences \u00e9lev\u00e9es de la logistique alimentaire et garantissons un traitement de qualit\u00e9 de toutes les marchandises. Les exigences et les d\u00e9lais sp\u00e9cifiques des clients sont toujours pris en compte. Pour r\u00e9pondre \u00e0 vos besoins, exigences et souhaits, nous mettons volontiers nos connaissances et notre exp\u00e9rience \u00e0 votre disposition. Aucun effort n&rsquo;est trop p\u00e9nible ou trop audacieux pour nous ! Dynamisme et flexibilit\u00e9 ne sont pas seulement des mots \u00e0 la mode pour nous &#8211; nous les vivons au quotidien et aimons les d\u00e9fis qu&rsquo;ils impliquent.[\/vc_column_text][\/no_elements_holder_item][\/no_elements_holder][\/vc_column][\/vc_row][vc_row row_type=\u00a0\u00bbrow\u00a0\u00bb use_row_as_full_screen_section=\u00a0\u00bbno\u00a0\u00bb type=\u00a0\u00bbfull_width\u00a0\u00bb text_align=\u00a0\u00bbleft\u00a0\u00bb css_animation=\u00a0\u00bb\u00a0\u00bb box_shadow_on_row=\u00a0\u00bbno\u00a0\u00bb el_id=\u00a0\u00bbbeziehungen Desktop\u00a0\u00bb][vc_column offset=\u00a0\u00bbvc_hidden-sm vc_hidden-xs\u00a0\u00bb][no_elements_holder number_of_columns=\u00a0\u00bbtwo_columns\u00a0\u00bb switch_to_one_column=\u00a0\u00bb1024&Prime;][no_elements_holder_item item_padding=\u00a0\u00bb0 22% 0 17%\u00a0\u00bb aligment=\u00a0\u00bbleft\u00a0\u00bb vertical_alignment=\u00a0\u00bbmiddle\u00a0\u00bb advanced_animations=\u00a0\u00bbno\u00a0\u00bb item_padding_1300_1600=\u00a0\u00bb0 11% 0 10%\u00a0\u00bb item_padding_1024_1300=\u00a0\u00bb0 40px 0 40px\u00a0\u00bb item_padding_768_1024=\u00a0\u00bb60px 30px&#8230;<\/p>\n","protected":false},"author":7,"featured_media":0,"parent":0,"menu_order":10,"comment_status":"closed","ping_status":"closed","template":"full_width.php","meta":{"_acf_changed":false,"om_disable_all_campaigns":false,"footnotes":""},"class_list":["post-61763","page","type-page","status-publish","hentry"],"acf":[],"_links":{"self":[{"href":"https:\/\/www.fruchtxpress.ch\/fr\/wp-json\/wp\/v2\/pages\/61763","targetHints":{"allow":["GET"]}}],"collection":[{"href":"https:\/\/www.fruchtxpress.ch\/fr\/wp-json\/wp\/v2\/pages"}],"about":[{"href":"https:\/\/www.fruchtxpress.ch\/fr\/wp-json\/wp\/v2\/types\/page"}],"author":[{"embeddable":true,"href":"https:\/\/www.fruchtxpress.ch\/fr\/wp-json\/wp\/v2\/users\/7"}],"replies":[{"embeddable":true,"href":"https:\/\/www.fruchtxpress.ch\/fr\/wp-json\/wp\/v2\/comments?post=61763"}],"version-history":[{"count":8,"href":"https:\/\/www.fruchtxpress.ch\/fr\/wp-json\/wp\/v2\/pages\/61763\/revisions"}],"predecessor-version":[{"id":61975,"href":"https:\/\/www.fruchtxpress.ch\/fr\/wp-json\/wp\/v2\/pages\/61763\/revisions\/61975"}],"wp:attachment":[{"href":"https:\/\/www.fruchtxpress.ch\/fr\/wp-json\/wp\/v2\/media?parent=61763"}],"curies":[{"name":"wp","href":"https:\/\/api.w.org\/{rel}","templated":true}]}}