{"id":61764,"date":"2021-05-28T09:11:11","date_gmt":"2021-05-28T07:11:11","guid":{"rendered":"https:\/\/www.fruchtxpress.ch\/karriere\/transportdisponent-in-100-ev-80\/"},"modified":"2025-09-08T15:41:27","modified_gmt":"2025-09-08T13:41:27","slug":"disponent-de-transport-100-ev-80","status":"publish","type":"page","link":"https:\/\/www.fruchtxpress.ch\/fr\/carriere\/disponent-de-transport-100-ev-80\/","title":{"rendered":"Disponent de transport 100% \u00e9v. 80%"},"content":{"rendered":"<p>[vc_row row_type=\u00a0\u00bbrow\u00a0\u00bb use_row_as_full_screen_section=\u00a0\u00bbno\u00a0\u00bb type=\u00a0\u00bbgrid\u00a0\u00bb text_align=\u00a0\u00bbleft\u00a0\u00bb padding_bottom=\u00a0\u00bb100&Prime; css_animation=\u00a0\u00bb\u00a0\u00bb box_shadow_on_row=\u00a0\u00bbno\u00a0\u00bb][vc_column][no_elements_holder number_of_columns=\u00a0\u00bbone_column\u00a0\u00bb][no_elements_holder_item aligment=\u00a0\u00bbleft\u00a0\u00bb vertical_alignment=\u00a0\u00bbmiddle\u00a0\u00bb advanced_animations=\u00a0\u00bbno\u00a0\u00bb item_padding_768_1024=\u00a0\u00bb0 30px 0 30px\u00a0\u00bb item_padding_600_768=\u00a0\u00bb0 30px 0 30px\u00a0\u00bb item_padding_480_600=\u00a0\u00bb0 26px 0 26px\u00a0\u00bb item_padding_480=\u00a0\u00bb0 26px 0 26px\u00a0\u00bb][vc_column_text]<\/p>\n<h2>Disponent de transport 100% \u00e9v. 80%<\/h2>\n<p>[\/vc_column_text][vc_empty_space height=\u00a0\u00bb50&Prime; image_repeat=\u00a0\u00bbno-repeat\u00a0\u00bb][vc_column_text]<\/p>\n<h4>Vos t\u00e2ches<\/h4>\n<ul>\n<li>Disposition, chargements partiels et complets du transport frigorifique national<\/li>\n<li>Planification des tourn\u00e9es en tenant compte d&rsquo;une utilisation optimale et \u00e9conomique de nos camions \u00e0 l&rsquo;aide de l&rsquo;informatique.<\/li>\n<li>Direction et encadrement des chauffeurs<\/li>\n<li>Prise de commande par t\u00e9l\u00e9phone et par \u00e9crit<\/li>\n<li>Traitement des demandes de pr\u00e9cisions et des r\u00e9clamations<\/li>\n<\/ul>\n<h4>Votre profil<\/h4>\n<ul>\n<li>Plusieurs ann\u00e9es d&rsquo;exp\u00e9rience dans l&rsquo;organisation des transports<\/li>\n<li>Bonnes connaissances g\u00e9ographiques de la Suisse<\/li>\n<li>Permis de conduire cat. C\/E est un avantage<\/li>\n<li>Bonnes connaissances en informatique<\/li>\n<li>Tr\u00e8s bonnes connaissances de l&rsquo;allemand \u00e0 l&rsquo;oral et \u00e0 l&rsquo;\u00e9crit<\/li>\n<li>Bonne connaissance du fran\u00e7ais \u00e0 l&rsquo;oral<\/li>\n<li>Esprit d&rsquo;\u00e9quipe et orientation client<\/li>\n<\/ul>\n<p>Nous vous proposons un travail stimulant au sein d&rsquo;une \u00e9quipe coll\u00e9giale avec des horaires de travail r\u00e9guliers.[\/vc_column_text][vc_separator type=\u00a0\u00bbtransparent\u00a0\u00bb thickness=\u00a0\u00bb25&Prime; up_style=\u00a0\u00bbpx\u00a0\u00bb down_style=\u00a0\u00bbpx\u00a0\u00bb][vc_column_text]<strong>Nous avons \u00e9veill\u00e9 votre int\u00e9r\u00eat ?<\/strong><\/p>\n<p>Dans ce cas, veuillez nous faire parvenir votre dossier de candidature complet par e-mail.<\/p>\n<p>&nbsp;<\/p>\n<p><strong>FruchtXpress GmbH<\/strong><br \/>\nRessources humaines<br \/>\nBiberenzelgli 17<br \/>\n3210 Kerzers<\/p>\n<p>T\u00e9l\u00e9phone <a href=\"tel:+41 31 755 83 10\">+41 31 755 83 10<\/a><br \/>\nE-Mail <a href=\"mailto:job@fruchtxpress.ch\">job@fruchtxpress.ch<\/a><\/p>\n<p><a class=\"qbutton icon_right\" style=\"margin: 25px 0px 0px 0px;\" href=\"mailto:job@fruchtxpress.ch\">Envoyer candidature par e-mail<\/a>[\/vc_column_text][vc_separator type=\u00a0\u00bbtransparent\u00a0\u00bb thickness=\u00a0\u00bb25&Prime; up_style=\u00a0\u00bbpx\u00a0\u00bb down_style=\u00a0\u00bbpx\u00a0\u00bb][\/no_elements_holder_item][\/no_elements_holder][\/vc_column][\/vc_row]<\/p>\n","protected":false},"excerpt":{"rendered":"<p>[vc_row row_type=\u00a0\u00bbrow\u00a0\u00bb use_row_as_full_screen_section=\u00a0\u00bbno\u00a0\u00bb type=\u00a0\u00bbgrid\u00a0\u00bb text_align=\u00a0\u00bbleft\u00a0\u00bb padding_bottom=\u00a0\u00bb100&Prime; css_animation=\u00a0\u00bb\u00a0\u00bb box_shadow_on_row=\u00a0\u00bbno\u00a0\u00bb][vc_column][no_elements_holder number_of_columns=\u00a0\u00bbone_column\u00a0\u00bb][no_elements_holder_item aligment=\u00a0\u00bbleft\u00a0\u00bb vertical_alignment=\u00a0\u00bbmiddle\u00a0\u00bb advanced_animations=\u00a0\u00bbno\u00a0\u00bb item_padding_768_1024=\u00a0\u00bb0 30px 0 30px\u00a0\u00bb item_padding_600_768=\u00a0\u00bb0 30px 0 30px\u00a0\u00bb item_padding_480_600=\u00a0\u00bb0 26px 0 26px\u00a0\u00bb item_padding_480=\u00a0\u00bb0 26px 0 26px\u00a0\u00bb][vc_column_text] Disponent de transport 100% \u00e9v. 80% [\/vc_column_text][vc_empty_space height=\u00a0\u00bb50&Prime; image_repeat=\u00a0\u00bbno-repeat\u00a0\u00bb][vc_column_text] Vos t\u00e2ches Disposition, chargements partiels et complets du transport frigorifique national Planification des tourn\u00e9es en tenant compte d&rsquo;une utilisation optimale et \u00e9conomique de nos camions \u00e0 l&rsquo;aide de l&rsquo;informatique. Direction et encadrement des chauffeurs Prise de commande par t\u00e9l\u00e9phone et par \u00e9crit Traitement des demandes de pr\u00e9cisions et des r\u00e9clamations Votre profil Plusieurs ann\u00e9es d&rsquo;exp\u00e9rience dans l&rsquo;organisation des transports Bonnes connaissances g\u00e9ographiques de la Suisse Permis de conduire cat. C\/E est un avantage Bonnes connaissances en informatique Tr\u00e8s bonnes connaissances de l&rsquo;allemand \u00e0 l&rsquo;oral et \u00e0 l&rsquo;\u00e9crit Bonne connaissance du fran\u00e7ais \u00e0 l&rsquo;oral Esprit d&rsquo;\u00e9quipe et orientation client Nous vous proposons un travail stimulant au sein d&rsquo;une \u00e9quipe coll\u00e9giale avec des horaires de travail r\u00e9guliers.[\/vc_column_text][vc_separator type=\u00a0\u00bbtransparent\u00a0\u00bb thickness=\u00a0\u00bb25&Prime; up_style=\u00a0\u00bbpx\u00a0\u00bb down_style=\u00a0\u00bbpx\u00a0\u00bb][vc_column_text]Nous avons \u00e9veill\u00e9 votre int\u00e9r\u00eat ? Dans ce cas, veuillez nous faire parvenir votre dossier de candidature complet par e-mail. &nbsp; FruchtXpress GmbH Ressources humaines Biberenzelgli 17 3210 Kerzers T\u00e9l\u00e9phone +41 31 755 83 10 E-Mail job@fruchtxpress.ch Envoyer candidature par e-mail[\/vc_column_text][vc_separator type=\u00a0\u00bbtransparent\u00a0\u00bb thickness=\u00a0\u00bb25&Prime; up_style=\u00a0\u00bbpx\u00a0\u00bb down_style=\u00a0\u00bbpx\u00a0\u00bb][\/no_elements_holder_item][\/no_elements_holder][\/vc_column][\/vc_row]<\/p>\n","protected":false},"author":6,"featured_media":0,"parent":61544,"menu_order":15,"comment_status":"closed","ping_status":"closed","template":"","meta":{"_acf_changed":false,"om_disable_all_campaigns":false,"footnotes":""},"class_list":["post-61764","page","type-page","status-publish","hentry"],"acf":[],"_links":{"self":[{"href":"https:\/\/www.fruchtxpress.ch\/fr\/wp-json\/wp\/v2\/pages\/61764","targetHints":{"allow":["GET"]}}],"collection":[{"href":"https:\/\/www.fruchtxpress.ch\/fr\/wp-json\/wp\/v2\/pages"}],"about":[{"href":"https:\/\/www.fruchtxpress.ch\/fr\/wp-json\/wp\/v2\/types\/page"}],"author":[{"embeddable":true,"href":"https:\/\/www.fruchtxpress.ch\/fr\/wp-json\/wp\/v2\/users\/6"}],"replies":[{"embeddable":true,"href":"https:\/\/www.fruchtxpress.ch\/fr\/wp-json\/wp\/v2\/comments?post=61764"}],"version-history":[{"count":6,"href":"https:\/\/www.fruchtxpress.ch\/fr\/wp-json\/wp\/v2\/pages\/61764\/revisions"}],"predecessor-version":[{"id":62075,"href":"https:\/\/www.fruchtxpress.ch\/fr\/wp-json\/wp\/v2\/pages\/61764\/revisions\/62075"}],"up":[{"embeddable":true,"href":"https:\/\/www.fruchtxpress.ch\/fr\/wp-json\/wp\/v2\/pages\/61544"}],"wp:attachment":[{"href":"https:\/\/www.fruchtxpress.ch\/fr\/wp-json\/wp\/v2\/media?parent=61764"}],"curies":[{"name":"wp","href":"https:\/\/api.w.org\/{rel}","templated":true}]}}