{"id":61765,"date":"2025-04-23T13:13:20","date_gmt":"2025-04-23T11:13:20","guid":{"rendered":"https:\/\/www.fruchtxpress.ch\/karriere\/chauffeur-kat-c-e-m-w\/"},"modified":"2025-09-08T15:41:41","modified_gmt":"2025-09-08T13:41:41","slug":"chauffeur-cat-c-e-m-w","status":"publish","type":"page","link":"https:\/\/www.fruchtxpress.ch\/fr\/carriere\/chauffeur-cat-c-e-m-w\/","title":{"rendered":"Chauffeur Cat. C\/E (m\/w)"},"content":{"rendered":"<p>[vc_row row_type=\u00a0\u00bbrow\u00a0\u00bb use_row_as_full_screen_section=\u00a0\u00bbno\u00a0\u00bb type=\u00a0\u00bbgrid\u00a0\u00bb text_align=\u00a0\u00bbleft\u00a0\u00bb padding_bottom=\u00a0\u00bb100&Prime; css_animation=\u00a0\u00bb\u00a0\u00bb box_shadow_on_row=\u00a0\u00bbno\u00a0\u00bb][vc_column][no_elements_holder number_of_columns=\u00a0\u00bbone_column\u00a0\u00bb][no_elements_holder_item aligment=\u00a0\u00bbleft\u00a0\u00bb vertical_alignment=\u00a0\u00bbmiddle\u00a0\u00bb advanced_animations=\u00a0\u00bbno\u00a0\u00bb item_padding_768_1024=\u00a0\u00bb0 30px 0 30px\u00a0\u00bb item_padding_600_768=\u00a0\u00bb0 30px 0 30px\u00a0\u00bb item_padding_480_600=\u00a0\u00bb0 26px 0 26px\u00a0\u00bb item_padding_480=\u00a0\u00bb0 26px 0 26px\u00a0\u00bb][vc_column_text]<\/p>\n<h2>Chauffeur Cat. C\/E (m\/w)<\/h2>\n<p>[\/vc_column_text][vc_empty_space height=\u00a0\u00bb50&Prime; image_repeat=\u00a0\u00bbno-repeat\u00a0\u00bb][vc_column_text]<\/p>\n<h4>Vos t\u00e2ches<\/h4>\n<ul>\n<li>Vous \u00eates responsable des livraisons qui vous sont confi\u00e9es par Dispo.<br \/>\nlivraisons dans toute la Suisse et respectez les r\u00e8gles de l&rsquo;OTR ainsi que les r\u00e8gles de s\u00e9curit\u00e9 de l&rsquo;entreprise.<\/li>\n<li>Vous chargez et d\u00e9chargez les camions<\/li>\n<li>Vous entretenez et nettoyez r\u00e9guli\u00e8rement les camions et le mat\u00e9riel qui vous sont confi\u00e9s<\/li>\n<\/ul>\n<h4>Votre profil<\/h4>\n<ul>\n<li>Vous \u00eates en possession d&rsquo;un permis de conduire suisse de la cat\u00e9gorie C\/E<br \/>\nCarte tachygraphique, carte de conducteur et cours OACP \u00e0 jour<\/li>\n<li>Permis ADR\/SDR, ainsi que permis de chariot \u00e9l\u00e9vateur un avantage<\/li>\n<li>Pr\u00e9sentation propre et soign\u00e9e<\/li>\n<li>Ponctualit\u00e9<\/li>\n<li>Bonne condition physique<\/li>\n<li>Vous \u00eates motiv\u00e9 et polyvalent<\/li>\n<li>Fiabilit\u00e9 et sens des responsabilit\u00e9s<\/li>\n<\/ul>\n<p>Nous vous offrons une ambiance de travail moderne et dynamique ainsi qu&rsquo;un parc de v\u00e9hicules de derni\u00e8re g\u00e9n\u00e9ration parfaitement entretenu.[\/vc_column_text][vc_separator type=\u00a0\u00bbtransparent\u00a0\u00bb thickness=\u00a0\u00bb25&Prime; up_style=\u00a0\u00bbpx\u00a0\u00bb down_style=\u00a0\u00bbpx\u00a0\u00bb][vc_column_text]<strong>Nous avons \u00e9veill\u00e9 votre int\u00e9r\u00eat ?<\/strong><br \/>\nDans ce cas, veuillez nous faire parvenir votre dossier de candidature complet par courrier ou par e-mail.<\/p>\n<p>&nbsp;<\/p>\n<p><strong>FruchtXpress GmbH<\/strong><br \/>\nRessources humaines<br \/>\nBiberenzelgli 17<br \/>\n3210 Kerzers<\/p>\n<p>T\u00e9l\u00e9phone <a href=\"tel:+41 31 755 83 10\">+41 31 755 83 10<\/a><br \/>\nE-Mail <a href=\"mailto:job@fruchtxpress.ch\">job@fruchtxpress.ch<\/a><\/p>\n<p><a class=\"qbutton icon_right\" style=\"margin: 25px 0px 0px 0px;\" href=\"mailto:job@fruchtxpress.ch\">Envoyer la candidature par e-mail<\/a>[\/vc_column_text][vc_separator type=\u00a0\u00bbtransparent\u00a0\u00bb thickness=\u00a0\u00bb25&Prime; up_style=\u00a0\u00bbpx\u00a0\u00bb down_style=\u00a0\u00bbpx\u00a0\u00bb][\/no_elements_holder_item][\/no_elements_holder][\/vc_column][\/vc_row]<\/p>\n","protected":false},"excerpt":{"rendered":"<p>[vc_row row_type=\u00a0\u00bbrow\u00a0\u00bb use_row_as_full_screen_section=\u00a0\u00bbno\u00a0\u00bb type=\u00a0\u00bbgrid\u00a0\u00bb text_align=\u00a0\u00bbleft\u00a0\u00bb padding_bottom=\u00a0\u00bb100&Prime; css_animation=\u00a0\u00bb\u00a0\u00bb box_shadow_on_row=\u00a0\u00bbno\u00a0\u00bb][vc_column][no_elements_holder number_of_columns=\u00a0\u00bbone_column\u00a0\u00bb][no_elements_holder_item aligment=\u00a0\u00bbleft\u00a0\u00bb vertical_alignment=\u00a0\u00bbmiddle\u00a0\u00bb advanced_animations=\u00a0\u00bbno\u00a0\u00bb item_padding_768_1024=\u00a0\u00bb0 30px 0 30px\u00a0\u00bb item_padding_600_768=\u00a0\u00bb0 30px 0 30px\u00a0\u00bb item_padding_480_600=\u00a0\u00bb0 26px 0 26px\u00a0\u00bb item_padding_480=\u00a0\u00bb0 26px 0 26px\u00a0\u00bb][vc_column_text] Chauffeur Cat. C\/E (m\/w) [\/vc_column_text][vc_empty_space height=\u00a0\u00bb50&Prime; image_repeat=\u00a0\u00bbno-repeat\u00a0\u00bb][vc_column_text] Vos t\u00e2ches Vous \u00eates responsable des livraisons qui vous sont confi\u00e9es par Dispo. livraisons dans toute la Suisse et respectez les r\u00e8gles de l&rsquo;OTR ainsi que les r\u00e8gles de s\u00e9curit\u00e9 de l&rsquo;entreprise. Vous chargez et d\u00e9chargez les camions Vous entretenez et nettoyez r\u00e9guli\u00e8rement les camions et le mat\u00e9riel qui vous sont confi\u00e9s Votre profil Vous \u00eates en possession d&rsquo;un permis de conduire suisse de la cat\u00e9gorie C\/E Carte tachygraphique, carte de conducteur et cours OACP \u00e0 jour Permis ADR\/SDR, ainsi que permis de chariot \u00e9l\u00e9vateur un avantage Pr\u00e9sentation propre et soign\u00e9e Ponctualit\u00e9 Bonne condition physique Vous \u00eates motiv\u00e9 et polyvalent Fiabilit\u00e9 et sens des responsabilit\u00e9s Nous vous offrons une ambiance de travail moderne et dynamique ainsi qu&rsquo;un parc de v\u00e9hicules de derni\u00e8re g\u00e9n\u00e9ration parfaitement entretenu.[\/vc_column_text][vc_separator type=\u00a0\u00bbtransparent\u00a0\u00bb thickness=\u00a0\u00bb25&Prime; up_style=\u00a0\u00bbpx\u00a0\u00bb down_style=\u00a0\u00bbpx\u00a0\u00bb][vc_column_text]Nous avons \u00e9veill\u00e9 votre int\u00e9r\u00eat ? Dans ce cas, veuillez nous faire parvenir votre dossier de candidature complet par courrier ou par e-mail. &nbsp; FruchtXpress GmbH Ressources humaines Biberenzelgli 17 3210 Kerzers T\u00e9l\u00e9phone +41 31 755 83 10 E-Mail job@fruchtxpress.ch Envoyer la candidature par e-mail[\/vc_column_text][vc_separator type=\u00a0\u00bbtransparent\u00a0\u00bb thickness=\u00a0\u00bb25&Prime; up_style=\u00a0\u00bbpx\u00a0\u00bb down_style=\u00a0\u00bbpx\u00a0\u00bb][\/no_elements_holder_item][\/no_elements_holder][\/vc_column][\/vc_row]<\/p>\n","protected":false},"author":7,"featured_media":0,"parent":61544,"menu_order":20,"comment_status":"closed","ping_status":"closed","template":"","meta":{"_acf_changed":false,"om_disable_all_campaigns":false,"footnotes":""},"class_list":["post-61765","page","type-page","status-publish","hentry"],"acf":[],"_links":{"self":[{"href":"https:\/\/www.fruchtxpress.ch\/fr\/wp-json\/wp\/v2\/pages\/61765","targetHints":{"allow":["GET"]}}],"collection":[{"href":"https:\/\/www.fruchtxpress.ch\/fr\/wp-json\/wp\/v2\/pages"}],"about":[{"href":"https:\/\/www.fruchtxpress.ch\/fr\/wp-json\/wp\/v2\/types\/page"}],"author":[{"embeddable":true,"href":"https:\/\/www.fruchtxpress.ch\/fr\/wp-json\/wp\/v2\/users\/7"}],"replies":[{"embeddable":true,"href":"https:\/\/www.fruchtxpress.ch\/fr\/wp-json\/wp\/v2\/comments?post=61765"}],"version-history":[{"count":4,"href":"https:\/\/www.fruchtxpress.ch\/fr\/wp-json\/wp\/v2\/pages\/61765\/revisions"}],"predecessor-version":[{"id":62076,"href":"https:\/\/www.fruchtxpress.ch\/fr\/wp-json\/wp\/v2\/pages\/61765\/revisions\/62076"}],"up":[{"embeddable":true,"href":"https:\/\/www.fruchtxpress.ch\/fr\/wp-json\/wp\/v2\/pages\/61544"}],"wp:attachment":[{"href":"https:\/\/www.fruchtxpress.ch\/fr\/wp-json\/wp\/v2\/media?parent=61765"}],"curies":[{"name":"wp","href":"https:\/\/api.w.org\/{rel}","templated":true}]}}