{"id":61768,"date":"2025-04-22T10:52:19","date_gmt":"2025-04-22T08:52:19","guid":{"rendered":"https:\/\/www.fruchtxpress.ch\/impressum\/"},"modified":"2025-12-01T12:52:22","modified_gmt":"2025-12-01T11:52:22","slug":"mentions-legales","status":"publish","type":"page","link":"https:\/\/www.fruchtxpress.ch\/fr\/mentions-legales\/","title":{"rendered":"Mentions l\u00e9gales"},"content":{"rendered":"<p>[vc_row row_type=\u00a0\u00bbrow\u00a0\u00bb use_row_as_full_screen_section=\u00a0\u00bbno\u00a0\u00bb type=\u00a0\u00bbgrid\u00a0\u00bb text_align=\u00a0\u00bbleft\u00a0\u00bb css_animation=\u00a0\u00bb\u00a0\u00bb box_shadow_on_row=\u00a0\u00bbno\u00a0\u00bb][vc_column][no_elements_holder number_of_columns=\u00a0\u00bbone_column\u00a0\u00bb][no_elements_holder_item aligment=\u00a0\u00bbleft\u00a0\u00bb vertical_alignment=\u00a0\u00bbmiddle\u00a0\u00bb advanced_animations=\u00a0\u00bbno\u00a0\u00bb item_padding_1024_1300=\u00a0\u00bb0 11% 0 10%\u00a0\u00bb item_padding_768_1024=\u00a0\u00bb0 30px 0 30px\u00a0\u00bb item_padding_600_768=\u00a0\u00bb0 30px 0 30px\u00a0\u00bb item_padding_480_600=\u00a0\u00bb0 26px 0 26px\u00a0\u00bb item_padding_480=\u00a0\u00bb0 26px 0 26px\u00a0\u00bb][vc_column_text]<\/p>\n<h1>Mentions l\u00e9gales<\/h1>\n<p>[\/vc_column_text][\/no_elements_holder_item][\/no_elements_holder][vc_separator type=\u00a0\u00bbtransparent\u00a0\u00bb thickness=\u00a0\u00bb50&Prime; up_style=\u00a0\u00bbpx\u00a0\u00bb down_style=\u00a0\u00bbpx\u00a0\u00bb][\/vc_column][\/vc_row][vc_row row_type=\u00a0\u00bbrow\u00a0\u00bb use_row_as_full_screen_section=\u00a0\u00bbno\u00a0\u00bb type=\u00a0\u00bbgrid\u00a0\u00bb text_align=\u00a0\u00bbleft\u00a0\u00bb css_animation=\u00a0\u00bb\u00a0\u00bb box_shadow_on_row=\u00a0\u00bbno\u00a0\u00bb][vc_column][no_elements_holder number_of_columns=\u00a0\u00bbone_column\u00a0\u00bb][no_elements_holder_item aligment=\u00a0\u00bbleft\u00a0\u00bb vertical_alignment=\u00a0\u00bbmiddle\u00a0\u00bb advanced_animations=\u00a0\u00bbno\u00a0\u00bb item_padding_768_1024=\u00a0\u00bb0 30px 0 30px\u00a0\u00bb item_padding_600_768=\u00a0\u00bb0 30px 0 30px\u00a0\u00bb item_padding_480_600=\u00a0\u00bb0 26px 0 26px\u00a0\u00bb item_padding_480=\u00a0\u00bb0 26px 0 26px\u00a0\u00bb][vc_column_text]<\/p>\n<h3>\u00c9diteur<\/h3>\n<p><b>FruchtXpress GmbH<\/b><\/p>\n<p>Biberenzelgli 17<br \/>\n3210 Kerzers<\/p>\n<p>T\u00e9l\u00e9phone +41 31 755 83 10<br \/>\nE-Mail <a href=\"mailto:info@fruchtxpress.ch\">info@fruchtxpress.ch<\/a>[\/vc_column_text][\/no_elements_holder_item][\/no_elements_holder][\/vc_column][\/vc_row]<\/p>\n","protected":false},"excerpt":{"rendered":"<p>[vc_row row_type=\u00a0\u00bbrow\u00a0\u00bb use_row_as_full_screen_section=\u00a0\u00bbno\u00a0\u00bb type=\u00a0\u00bbgrid\u00a0\u00bb text_align=\u00a0\u00bbleft\u00a0\u00bb css_animation=\u00a0\u00bb\u00a0\u00bb box_shadow_on_row=\u00a0\u00bbno\u00a0\u00bb][vc_column][no_elements_holder number_of_columns=\u00a0\u00bbone_column\u00a0\u00bb][no_elements_holder_item aligment=\u00a0\u00bbleft\u00a0\u00bb vertical_alignment=\u00a0\u00bbmiddle\u00a0\u00bb advanced_animations=\u00a0\u00bbno\u00a0\u00bb item_padding_1024_1300=\u00a0\u00bb0 11% 0 10%\u00a0\u00bb item_padding_768_1024=\u00a0\u00bb0 30px 0 30px\u00a0\u00bb item_padding_600_768=\u00a0\u00bb0 30px 0 30px\u00a0\u00bb item_padding_480_600=\u00a0\u00bb0 26px 0 26px\u00a0\u00bb item_padding_480=\u00a0\u00bb0 26px 0 26px\u00a0\u00bb][vc_column_text] Mentions l\u00e9gales [\/vc_column_text][\/no_elements_holder_item][\/no_elements_holder][vc_separator type=\u00a0\u00bbtransparent\u00a0\u00bb thickness=\u00a0\u00bb50&Prime; up_style=\u00a0\u00bbpx\u00a0\u00bb down_style=\u00a0\u00bbpx\u00a0\u00bb][\/vc_column][\/vc_row][vc_row row_type=\u00a0\u00bbrow\u00a0\u00bb use_row_as_full_screen_section=\u00a0\u00bbno\u00a0\u00bb type=\u00a0\u00bbgrid\u00a0\u00bb text_align=\u00a0\u00bbleft\u00a0\u00bb css_animation=\u00a0\u00bb\u00a0\u00bb box_shadow_on_row=\u00a0\u00bbno\u00a0\u00bb][vc_column][no_elements_holder number_of_columns=\u00a0\u00bbone_column\u00a0\u00bb][no_elements_holder_item aligment=\u00a0\u00bbleft\u00a0\u00bb vertical_alignment=\u00a0\u00bbmiddle\u00a0\u00bb advanced_animations=\u00a0\u00bbno\u00a0\u00bb item_padding_768_1024=\u00a0\u00bb0 30px 0 30px\u00a0\u00bb item_padding_600_768=\u00a0\u00bb0 30px 0 30px\u00a0\u00bb item_padding_480_600=\u00a0\u00bb0 26px 0 26px\u00a0\u00bb item_padding_480=\u00a0\u00bb0 26px 0 26px\u00a0\u00bb][vc_column_text] \u00c9diteur FruchtXpress GmbH Biberenzelgli 17 3210 Kerzers T\u00e9l\u00e9phone +41 31 755 83 10 E-Mail info@fruchtxpress.ch[\/vc_column_text][\/no_elements_holder_item][\/no_elements_holder][\/vc_column][\/vc_row]<\/p>\n","protected":false},"author":7,"featured_media":0,"parent":0,"menu_order":24,"comment_status":"closed","ping_status":"closed","template":"full_width.php","meta":{"_acf_changed":false,"om_disable_all_campaigns":false,"footnotes":""},"class_list":["post-61768","page","type-page","status-publish","hentry"],"acf":[],"_links":{"self":[{"href":"https:\/\/www.fruchtxpress.ch\/fr\/wp-json\/wp\/v2\/pages\/61768","targetHints":{"allow":["GET"]}}],"collection":[{"href":"https:\/\/www.fruchtxpress.ch\/fr\/wp-json\/wp\/v2\/pages"}],"about":[{"href":"https:\/\/www.fruchtxpress.ch\/fr\/wp-json\/wp\/v2\/types\/page"}],"author":[{"embeddable":true,"href":"https:\/\/www.fruchtxpress.ch\/fr\/wp-json\/wp\/v2\/users\/7"}],"replies":[{"embeddable":true,"href":"https:\/\/www.fruchtxpress.ch\/fr\/wp-json\/wp\/v2\/comments?post=61768"}],"version-history":[{"count":5,"href":"https:\/\/www.fruchtxpress.ch\/fr\/wp-json\/wp\/v2\/pages\/61768\/revisions"}],"predecessor-version":[{"id":62262,"href":"https:\/\/www.fruchtxpress.ch\/fr\/wp-json\/wp\/v2\/pages\/61768\/revisions\/62262"}],"wp:attachment":[{"href":"https:\/\/www.fruchtxpress.ch\/fr\/wp-json\/wp\/v2\/media?parent=61768"}],"curies":[{"name":"wp","href":"https:\/\/api.w.org\/{rel}","templated":true}]}}